{"id":5411,"date":"2023-08-14T15:25:08","date_gmt":"2023-08-14T13:25:08","guid":{"rendered":"https:\/\/www.dbi-services.com\/politique-de-confidentialite\/"},"modified":"2025-05-12T15:04:38","modified_gmt":"2025-05-12T13:04:38","slug":"politique-de-confidentialite","status":"publish","type":"page","link":"https:\/\/www.dbi-services.com\/fr\/politique-de-confidentialite\/","title":{"rendered":"Politique de confidentialit\u00e9"},"content":{"rendered":"\n\n<section id=\"strongqui-est-responsable-du-contrle-des-donnes-collectes-strong\" class=\"post-section   \"><div class=\"section-wrapper\"><h2><strong>Qui est responsable du contr\u00f4le des donn\u00e9es collect\u00e9es ?<\/strong><\/h2><p>Le responsable du traitement des donn\u00e9es est dbi services SA, une soci\u00e9t\u00e9 \u00e0 responsabilit\u00e9 limit\u00e9e constitu\u00e9e selon le droit suisse (UID CHE-115.853.816). Notre si\u00e8ge social est situ\u00e9 Rue de la Jeunesse 2, 2800 Del\u00e9mont.<br><br>Si vous avez des questions en lien avec cette D\u00e9claration, veuillez nous contacter \u00e0 l&rsquo;adresse e-mail suivante : <a href=\"mailto:dpo@dbi-services.com\">dpo@dbi-services.com<\/a>.<\/p><\/div><\/section>\n\n<section id=\"quelles-sont-les-donnes-personnelles-collectes-et-pour-quelles-finalits-\" class=\"post-section   \"><div class=\"section-wrapper\"><h2>Quelles sont les donn\u00e9es personnelles collect\u00e9es et pour quelles finalit\u00e9s ?<\/h2><p>Nous appliquons le principe de minimisation des donn\u00e9es personnelles et ne traitons que les donn\u00e9es qui sont n\u00e9cessaires aux fins poursuivies. Dans cette perspective, les donn\u00e9es personnelles que nous traitons, ainsi que leurs finalit\u00e9s, peuvent \u00eatre r\u00e9sum\u00e9es ainsi :<\/p><div class=\"content-section\">\n\n<figure class=\"wp-block-table\"><table><thead><tr><th><strong><strong>Contexte<\/strong><\/strong><\/th><th><strong>Cat\u00e9gories de donn\u00e9es<\/strong><\/th><th><strong><strong>Finalit\u00e9s<\/strong><\/strong><\/th><\/tr><\/thead><tbody><tr><td><strong>Lorsque vous visitez notre site<\/strong><\/td><td>&#8211; Donn\u00e9es de trafic<br>&#8211; Donn\u00e9es de localisation<br>&#8211; Contenu des sondages<br>&#8211; Cookies (cf. <em>infra<\/em>)<\/td><td>&#8211; Assurer le bon fonctionnement et l\u2019ergonomie du site.<br>&nbsp;<br>&#8211; Personnaliser, d\u00e9velopper et am\u00e9liorer le contenu et les services du site en fonction de vos pr\u00e9f\u00e9rences.<br><br>&#8211; Vous fournir des services suppl\u00e9mentaires, par exemple des newsletters, des informations sur des \u00e9v\u00e9nements \u00e0 venir ou des manifestations interactives.<\/td><\/tr><tr><td><strong><strong>Lorsque vous candidatez \u00e0 une offre d\u2019emploi<\/strong><\/strong><\/td><td>&#8211; Donn\u00e9es d\u2019identification (pr\u00e9nom, nom, soci\u00e9t\u00e9)<br><br>&#8211; Coordonn\u00e9es (num\u00e9ro de t\u00e9l\u00e9phone, adresses \u00e9lectronique et postale)<br><br>&#8211; Donn\u00e9es sur votre parcours (CV, dipl\u00f4mes, certificats)<\/td><td>&#8211; Traiter vos candidatures.<br>&#8211; Transmettre vos donn\u00e9es aux soci\u00e9t\u00e9s du groupe.<\/td><\/tr><tr><td><strong><strong>Lorsque vous entrez en contact avec nous<\/strong><\/strong><\/td><td>-Donn\u00e9es d\u2019identification (pr\u00e9nom, nom, soci\u00e9t\u00e9)<br><br>&#8211; Coordonn\u00e9es (num\u00e9ro de t\u00e9l\u00e9phone, adresse \u00e9lectronique)<br><br>&#8211; Votre correspondance et les documents attach\u00e9s.<\/td><td>&#8211; Traiter vos demandes et votre correspondance.<\/td><\/tr><tr><td><strong>Lorsque&nbsp;&nbsp;&nbsp;&nbsp;&nbsp;&nbsp;&nbsp;&nbsp;&nbsp;&nbsp;&nbsp;&nbsp;&nbsp;&nbsp; vous<\/strong><br><strong>interagissez avec nous sur les r\u00e9seaux sociaux (LinkedIn, X)<\/strong><\/td><td>&#8211; Donn\u00e9es d\u2019identification (pr\u00e9nom, nom, soci\u00e9t\u00e9, nom d\u2019utilisateur)<br><br>&#8211; Coordonn\u00e9es (adresse \u00e9lectronique)<br><br>&#8211; Donn\u00e9es que vous partagez sur les r\u00e9seaux sociaux<\/td><td>&#8211; Traiter vos demandes et vos interactions.<br><br>&#8211; Assurer notre communication et vous tenir inform\u00e9 de nos activit\u00e9s.<\/td><\/tr><tr><td><strong>Lorsque vous souscrivez \u00e0 notre newsletter<\/strong><\/td><td>&#8211; Coordonn\u00e9es (num\u00e9ro de t\u00e9l\u00e9phone, adresses \u00e9lectronique et postale)<\/td><td>&#8211; Vous tenir inform\u00e9 \u00e0 propos de nos services et de nos activit\u00e9s<\/td><\/tr><\/tbody><\/table><\/figure>\n\n<\/div><\/div><\/section>\n\n<section id=\"cookies\" class=\"post-section   \"><div class=\"section-wrapper\"><h2>Cookies<\/h2><p>Ce site web utilise des cookies pour am\u00e9liorer votre exp\u00e9rience lorsque vous naviguez sur le site. Parmi ceux-ci, les cookies class\u00e9s comme n\u00e9cessaires sont stock\u00e9s sur votre navigateur car ils sont essentiels au fonctionnement des fonctionnalit\u00e9s de base du site web. Nous utilisons \u00e9galement des cookies tiers qui nous aident \u00e0 analyser et \u00e0 comprendre comment vous utilisez ce site web. Ces cookies ne seront stock\u00e9s dans votre navigateur qu&rsquo;avec votre consentement. Vous avez \u00e9galement la possibilit\u00e9 de refuser ces cookies. Cependant, refuser certains de ces cookies peut affecter votre exp\u00e9rience de navigation.<br><br>&#8211; <strong>cookies n\u00e9cessaires :<\/strong> Les cookies n\u00e9cessaires sont absolument essentiels au bon fonctionnement du site web. Ces cookies garantissent les fonctionnalit\u00e9s de base et les caract\u00e9ristiques de s\u00e9curit\u00e9 du site web, de mani\u00e8re anonyme.<br><br>&#8211; <strong>cookies fonctionnels<\/strong> : ils nous permettent de maintenir le site en bon fonctionnement et de le rendre plus convivial pour les visiteurs. Ces cookies ne seront stock\u00e9s dans votre navigateur que si vous donnez votre consentement explicite en optant pour leur activation.<br><br>&#8211; <strong>cookies de performance<\/strong> : Les cookies de performance sont utilis\u00e9s pour comprendre et analyser les principaux indicateurs de performance du site web, ce qui aide \u00e0 offrir une meilleure exp\u00e9rience utilisateur aux visiteurs. Ces cookies ne seront stock\u00e9s dans votre navigateur que si vous donnez votre consentement explicite en optant pour leur activation.<br><br>&#8211; <strong>analytics <\/strong>: Les cookies analytiques sont utilis\u00e9s pour comprendre comment les visiteurs interagissent avec le site web. Ces cookies aident \u00e0 fournir des informations sur des m\u00e9triques telles que le nombre de visiteurs, le taux de rebond, la source du trafic, etc. Ces cookies ne seront stock\u00e9s dans votre navigateur que si vous donnez votre consentement explicite en optant pour leur activation.<br><br>&#8211; <strong>publicit\u00e9 :<\/strong> Les cookies publicitaires sont utilis\u00e9s pour fournir aux visiteurs des annonces pertinentes et des campagnes de marketing. Ces cookies suivent les visiteurs sur les sites web et collectent des informations pour fournir des annonces personnalis\u00e9es. Ces cookies ne seront stock\u00e9s dans votre navigateur que si vous donnez votre consentement explicite en optant pour leur activation.<br><br>&#8211; <strong>autres :<\/strong> Les autres cookies non class\u00e9s sont ceux qui sont analys\u00e9s et n&rsquo;ont pas encore \u00e9t\u00e9 class\u00e9s dans une cat\u00e9gorie. Ces cookies ne seront stock\u00e9s dans votre navigateur que si vous donnez votre consentement explicite en optant pour leur activation.<br><br>Nous utilisons en particulier sur le site les cookies suivants :<br><\/p><div class=\"content-section\">\n\n<figure class=\"wp-block-table\"><table><thead><tr><th>Nom<\/th><th>Dur\u00e9e<\/th><th>Description<\/th><th>Utilisation<\/th><\/tr><\/thead><tbody><tr><td>cf_use_ob<\/td><td>pass\u00e9<\/td><td>Cloudflare installe ce cookie pour am\u00e9liorer les temps de chargement des pages et pour ne pas appliquer de restrictions de s\u00e9curit\u00e9 bas\u00e9es sur l&rsquo;adresse IP du visiteur.<\/td><td>Toujours activ\u00e9<\/td><\/tr><tr><td>cookielawinfo-checkbox-advertisement<\/td><td>1 an<\/td><td>Install\u00e9 par le plugin GDPR Cookie Consent, ce cookie est utilis\u00e9 pour enregistrer le consentement de l&rsquo;utilisateur pour les cookies dans la cat\u00e9gorie \u00ab\u00a0Publicit\u00e9\u00a0\u00bb.<\/td><td>D\u00e9sactiv\u00e9<\/td><\/tr><tr><td>cookielawinfo-checkbox-analytics<\/td><td>11 mois<\/td><td>Ce cookie est install\u00e9 par le plugin GDPR Cookie Consent. Il est utilis\u00e9 pour stocker le consentement de l&rsquo;utilisateur pour les cookies dans la cat\u00e9gorie \u00ab\u00a0Analytique\u00a0\u00bb.<\/td><td>D\u00e9sactiv\u00e9<\/td><\/tr><tr><td>cookielawinfo-checkbox-functional<\/td><td>11 mois<\/td><td>Ce cookie est install\u00e9 par le consentement GDPR Cookie pour enregistrer le consentement de l&rsquo;utilisateur pour les cookies dans la cat\u00e9gorie \u00ab\u00a0Fonctionnel\u00a0\u00bb.<\/td><td>D\u00e9sactiv\u00e9<\/td><\/tr><tr><td>cookielawinfo-checkbox-necessary<\/td><td>11 mois<\/td><td>Ce cookie est install\u00e9 par le plugin GDPR Cookie Consent. Il est utilis\u00e9 pour stocker le consentement de l&rsquo;utilisateur pour les cookies dans la cat\u00e9gorie \u00ab\u00a0N\u00e9cessaire\u00a0\u00bb.<\/td><td>D\u00e9sactiv\u00e9<\/td><\/tr><tr><td>cookielawinfo-checkbox-others<\/td><td>11 mois<\/td><td>Ce cookie est install\u00e9 par le plugin GDPR Cookie Consent. Il est utilis\u00e9 pour stocker le consentement de l&rsquo;utilisateur pour les cookies dans la cat\u00e9gorie \u00ab\u00a0Autres\u00a0\u00bb.<\/td><td>D\u00e9sactiv\u00e9<\/td><\/tr><tr><td>cookielawinfo-checkbox-performance<\/td><td>11 mois<\/td><td>Ce cookie est install\u00e9 par le plugin GDPR Cookie Consent. Il est utilis\u00e9 pour stocker le consentement de l&rsquo;utilisateur pour les cookies dans la cat\u00e9gorie \u00ab\u00a0Performance\u00a0\u00bb.<\/td><td>D\u00e9sactiv\u00e9<\/td><\/tr><tr><td>CookieLawInfoConsent<\/td><td>1 an<\/td><td>Enregistre l&rsquo;\u00e9tat par d\u00e9faut du bouton de la cat\u00e9gorie correspondante et le statut du CCPA. Il fonctionne uniquement en coordination avec le cookie principal.<\/td><td>D\u00e9sactiv\u00e9<\/td><\/tr><tr><td>viewed_cookie_policy<\/td><td>11 mois<\/td><td>Ce cookie est install\u00e9 par le plugin GDPR Cookie Consent et est utilis\u00e9 pour stocker si l&rsquo;utilisateur a consenti ou non \u00e0 l&rsquo;utilisation des cookies. Il ne stocke aucune donn\u00e9e personnelle.<\/td><td>D\u00e9sactiv\u00e9<\/td><\/tr><tr><td>_pk_id.1.3dc2<\/td><td>1 an 27 jours<\/td><td>Pas de description<\/td><td>D\u00e9sactiv\u00e9<\/td><\/tr><tr><td>_pk_ses.1.3dc2<\/td><td>30 minutes&nbsp;&nbsp;&nbsp;&nbsp;&nbsp;&nbsp;&nbsp;&nbsp;<\/td><td>Pas de description<\/td><td>D\u00e9sactiv\u00e9<\/td><\/tr><tr><td>wp-wpml_current_language<\/td><td>session&nbsp;<\/td><td>Ce cookie est utilis\u00e9 pour conna\u00eetre la langue du site web que vous \u00eates en train de consulter.<\/td><td>D\u00e9sactiv\u00e9<\/td><\/tr><\/tbody><\/table><\/figure>\n\n<\/div><\/div><\/section>\n\n<section id=\"blocage-et-suppression-des-cookies\" class=\"post-section   \"><div class=\"section-wrapper\"><h2>Blocage et suppression des cookies<\/h2><p>\u00c0 moins que vous n\u2019ayez r\u00e9gl\u00e9 votre navigateur afin de refuser les cookies, nos syst\u00e8mes \u00e9mettront des cookies chaque fois que vous acc\u00e9derez au site. Vous pouvez en tout temps r\u00e9gler vos pr\u00e9f\u00e9rences dans le panneau de gestion des cookies.<br><br>Vous pouvez \u00e9galement facilement bloquer et supprimer vous-m\u00eame les cookies \u00e0 tout moment par votre navigateur ou configurer celui-ci de mani\u00e8re \u00e0 recevoir un message lorsqu\u2019un cookie est install\u00e9. Vous pouvez \u00e9galement indiquer que certains cookies ne peuvent pas \u00eatre install\u00e9s. Pour cela, veuillez consulter la fonction d\u2019aide de votre navigateur.<br><br>Si vous supprimez les cookies de votre navigateur, cela peut avoir des cons\u00e9quences sur l\u2019utilisation de notre site. Veuillez noter que si vous ne voulez pas de cookies, nous ne serons plus en mesure de garantir le bon fonctionnement de notre site. Certaines caract\u00e9ristiques du site peuvent en effet \u00eatre alt\u00e9r\u00e9es.<\/p><\/div><\/section>\n\n<section id=\"destinataires-des-donnes\" class=\"post-section   \"><div class=\"section-wrapper\"><h2>Destinataires des donn\u00e9es<\/h2><p>Afin de vous fournir le site, d\u2019assurer son bon fonctionnement et de fournir les services accessibles, il peut parfois s\u2019av\u00e9rer n\u00e9cessaire de communiquer vos donn\u00e9es personnelles \u00e0 des tiers, notamment :<br><br>&#8211; <strong>\u00e0 des fournisseurs, des prestataires et des mandataires :<\/strong> occasionnellement, nous pouvons engager ou mandater d\u2019autres soci\u00e9t\u00e9s ou personnes agissant notamment en qualit\u00e9 de sous- traitants afin de fournir du contenu et d\u2019ex\u00e9cuter les services en notre nom (par exemple afin d\u2019h\u00e9berger le contenu du site, fournir certains services du site, mener des recherches, surveiller et analyser le statut de notre r\u00e9seau et l\u2019efficacit\u00e9 de notre communication, etc.) ;<br><br><strong>&#8211; \u00e0 l\u2019ensemble des entit\u00e9s du groupe Sequotech <\/strong>: dont dbi services fait partie, y compris leurs fournisseurs, leurs prestataires et leurs mandataires, qui peuvent \u00eatre impliqu\u00e9s dans la fourniture du site ou de ses services ou de son contenu.<\/p><div class=\"content-section\">\n\n<p><\/p>\n\n<\/div><\/div><\/section>\n\n<section id=\"transferts-internationaux\" class=\"post-section   \"><div class=\"section-wrapper\"><h2>Transferts internationaux<\/h2><p>\u00c0 l&rsquo;exception des donn\u00e9es trait\u00e9es par Google Analytics, YouTube &amp; Microsoft Clarity aux \u00c9tats-Unis, nous traitons et h\u00e9bergeons vos donn\u00e9es personnelles en Suisse ou au sein de l&rsquo;Espace \u00c9conomique Europ\u00e9en (EEE) (voir : Annexe 1 \u00e0 la D\u00e9claration de Confidentialit\u00e9 ci-dessous).<br><br>Dans le cas o\u00f9 nous aurions besoin de recourir \u00e0 un prestataire de services \u00e9tranger situ\u00e9 dans un pays ne disposant pas d&rsquo;un niveau de protection des donn\u00e9es ad\u00e9quat selon les autorit\u00e9s comp\u00e9tentes en mati\u00e8re de protection des donn\u00e9es, nous adopterons les mesures suppl\u00e9mentaires requises par la loi avant toute communication de vos donn\u00e9es \u00e0 l&rsquo;\u00e9tranger, telles que la signature de clauses contractuelles types de protection des donn\u00e9es.<\/p><\/div><\/section>\n\n<section id=\"scurit-des-donnes\" class=\"post-section   \"><div class=\"section-wrapper\"><h2>S\u00e9curit\u00e9 des donn\u00e9es<\/h2><p>Des mesures de s\u00e9curit\u00e9 (d\u2019ordre technique et organisationnel) conformes aux r\u00e8gles de l\u2019art ont \u00e9t\u00e9 mises en place, compte tenu des risques encourus, pour prot\u00e9ger vos donn\u00e9es personnelles contre toute manipulation accidentelle ou intentionnelle, perte, destruction, communication ou contre tout acc\u00e8s non autoris\u00e9.<\/p><\/div><\/section>\n\n<section id=\"loi-applicable\" class=\"post-section   \"><div class=\"section-wrapper\"><h2>Loi applicable<\/h2><p>Dans le cadre de nos activit\u00e9s, nous sommes soumis aux dispositions de la loi f\u00e9d\u00e9rale sur la protection des donn\u00e9es (LPD). L\u2019autorit\u00e9 de contr\u00f4le comp\u00e9tente en mati\u00e8re de protection des donn\u00e9es personnelles est le Pr\u00e9pos\u00e9 f\u00e9d\u00e9ral \u00e0 la protection des donn\u00e9es et \u00e0 la transparence (PFPDT).<\/p><div class=\"content-section\">\n\n<p><\/p>\n\n<\/div><\/div><\/section>\n\n<section id=\"modifications\" class=\"post-section   \"><div class=\"section-wrapper\"><h2>Modifications<\/h2><p>Nous pouvons mettre \u00e0 jour cette d\u00e9claration en tout temps, sans pr\u00e9avis. Toute modification de la d\u00e9claration sera post\u00e9e sur cette page.<br>\u00a0<br>La d\u00e9claration est effective d\u00e8s le 07.12.2023 et remplace tout document ant\u00e9rieur.<\/p><div class=\"content-section\">\n\n<p><\/p>\n\n<\/div><\/div><\/section>\n\n<section id=\"annexe-1\" class=\"post-section   \"><div class=\"section-wrapper\"><h2>Annexe 1<\/h2><p>Liste des pays vers lesquels vos donn\u00e9es personnelles peuvent \u00eatre communiqu\u00e9es<br>\u00a0<br>&#8211; \u00c9tats-Unis d&rsquo;Am\u00e9rique (<a href=\"https:\/\/policies.google.com\/privacy?hl=en\">Google Analytics<\/a>, <a href=\"https:\/\/policies.google.com\/privacy?hl=en\">YouTube<\/a>, <a href=\"https:\/\/privacy.microsoft.com\/en-US\/privacystatement\">Microsoft Clarity<\/a>)<\/p><div class=\"content-section\">\n\n<p><\/p>\n\n<\/div><\/div><\/section>\n\n<section id=\"contactez-nous-\" class=\"post-section   \"><div class=\"section-wrapper\"><h2>Contactez nous <\/h2><p>E-Mail:\u00a0<a href=\"mailto:dpo@dbi-services.com\">dpo@dbi-services.com<\/a> dbi services sa, rue de la Jeunesse 2, 2800 Del\u00e9mont, Switzerland<\/p><\/div><\/section>","protected":false},"excerpt":{"rendered":"","protected":false},"author":5,"featured_media":0,"parent":0,"menu_order":0,"comment_status":"closed","ping_status":"closed","template":"page-margin.php","meta":{"_acf_changed":false,"footnotes":""},"location":[],"class_list":["post-5411","page","type-page","status-publish","hentry"],"acf":[],"yoast_head":"<!-- This site is optimized with the Yoast SEO Premium plugin v27.2 (Yoast SEO v27.2) - https:\/\/yoast.com\/product\/yoast-seo-premium-wordpress\/ -->\n<title>Politique de confidentialit\u00e9 - dbi services<\/title>\n<meta name=\"robots\" content=\"index, follow, max-snippet:-1, max-image-preview:large, max-video-preview:-1\" \/>\n<link rel=\"canonical\" href=\"https:\/\/www.dbi-services.com\/fr\/politique-de-confidentialite\/\" \/>\n<meta property=\"og:locale\" content=\"fr_FR\" \/>\n<meta property=\"og:type\" content=\"article\" \/>\n<meta property=\"og:title\" content=\"Politique de confidentialit\u00e9\" \/>\n<meta property=\"og:url\" content=\"https:\/\/www.dbi-services.com\/fr\/politique-de-confidentialite\/\" \/>\n<meta property=\"og:site_name\" content=\"dbi services\" \/>\n<meta property=\"article:publisher\" content=\"https:\/\/www.facebook.com\/dbiservices\/\" \/>\n<meta property=\"article:modified_time\" content=\"2025-05-12T13:04:38+00:00\" \/>\n<meta name=\"twitter:card\" content=\"summary_large_image\" \/>\n<meta name=\"twitter:site\" content=\"@dbiservices\" \/>\n<script type=\"application\/ld+json\" class=\"yoast-schema-graph\">{\"@context\":\"https:\/\/schema.org\",\"@graph\":[{\"@type\":\"WebPage\",\"@id\":\"https:\/\/www.dbi-services.com\/fr\/politique-de-confidentialite\/\",\"url\":\"https:\/\/www.dbi-services.com\/fr\/politique-de-confidentialite\/\",\"name\":\"Politique de confidentialit\u00e9 - dbi services\",\"isPartOf\":{\"@id\":\"https:\/\/www.dbi-services.com\/fr\/#website\"},\"datePublished\":\"2023-08-14T13:25:08+00:00\",\"dateModified\":\"2025-05-12T13:04:38+00:00\",\"breadcrumb\":{\"@id\":\"https:\/\/www.dbi-services.com\/fr\/politique-de-confidentialite\/#breadcrumb\"},\"inLanguage\":\"fr-FR\",\"potentialAction\":[{\"@type\":\"ReadAction\",\"target\":[\"https:\/\/www.dbi-services.com\/fr\/politique-de-confidentialite\/\"]}]},{\"@type\":\"BreadcrumbList\",\"@id\":\"https:\/\/www.dbi-services.com\/fr\/politique-de-confidentialite\/#breadcrumb\",\"itemListElement\":[{\"@type\":\"ListItem\",\"position\":1,\"name\":\"Home\",\"item\":\"https:\/\/www.dbi-services.com\/fr\/\"},{\"@type\":\"ListItem\",\"position\":2,\"name\":\"Politique de confidentialit\u00e9\"}]},{\"@type\":\"WebSite\",\"@id\":\"https:\/\/www.dbi-services.com\/fr\/#website\",\"url\":\"https:\/\/www.dbi-services.com\/fr\/\",\"name\":\"dbi services\",\"description\":\"\",\"publisher\":{\"@id\":\"https:\/\/www.dbi-services.com\/fr\/#organization\"},\"potentialAction\":[{\"@type\":\"SearchAction\",\"target\":{\"@type\":\"EntryPoint\",\"urlTemplate\":\"https:\/\/www.dbi-services.com\/fr\/?s={search_term_string}\"},\"query-input\":{\"@type\":\"PropertyValueSpecification\",\"valueRequired\":true,\"valueName\":\"search_term_string\"}}],\"inLanguage\":\"fr-FR\"},{\"@type\":\"Organization\",\"@id\":\"https:\/\/www.dbi-services.com\/fr\/#organization\",\"name\":\"dbi services\",\"alternateName\":\"dbi services\",\"url\":\"https:\/\/www.dbi-services.com\/fr\/\",\"logo\":{\"@type\":\"ImageObject\",\"inLanguage\":\"fr-FR\",\"@id\":\"https:\/\/www.dbi-services.com\/fr\/#\/schema\/logo\/image\/\",\"url\":\"https:\/\/www.dbi-services.com\/wp-content\/uploads\/2023\/06\/dbi-services-by-sequotech-01-1.png\",\"contentUrl\":\"https:\/\/www.dbi-services.com\/wp-content\/uploads\/2023\/06\/dbi-services-by-sequotech-01-1.png\",\"width\":3230,\"height\":1100,\"caption\":\"dbi services\"},\"image\":{\"@id\":\"https:\/\/www.dbi-services.com\/fr\/#\/schema\/logo\/image\/\"},\"sameAs\":[\"https:\/\/www.facebook.com\/dbiservices\/\",\"https:\/\/x.com\/dbiservices\",\"https:\/\/www.linkedin.com\/company\/dbi-services\/\",\"https:\/\/www.youtube.com\/user\/dbiservices\"]}]}<\/script>\n<!-- \/ Yoast SEO Premium plugin. -->","yoast_head_json":{"title":"Politique de confidentialit\u00e9 - dbi services","robots":{"index":"index","follow":"follow","max-snippet":"max-snippet:-1","max-image-preview":"max-image-preview:large","max-video-preview":"max-video-preview:-1"},"canonical":"https:\/\/www.dbi-services.com\/fr\/politique-de-confidentialite\/","og_locale":"fr_FR","og_type":"article","og_title":"Politique de confidentialit\u00e9","og_url":"https:\/\/www.dbi-services.com\/fr\/politique-de-confidentialite\/","og_site_name":"dbi services","article_publisher":"https:\/\/www.facebook.com\/dbiservices\/","article_modified_time":"2025-05-12T13:04:38+00:00","twitter_card":"summary_large_image","twitter_site":"@dbiservices","schema":{"@context":"https:\/\/schema.org","@graph":[{"@type":"WebPage","@id":"https:\/\/www.dbi-services.com\/fr\/politique-de-confidentialite\/","url":"https:\/\/www.dbi-services.com\/fr\/politique-de-confidentialite\/","name":"Politique de confidentialit\u00e9 - dbi services","isPartOf":{"@id":"https:\/\/www.dbi-services.com\/fr\/#website"},"datePublished":"2023-08-14T13:25:08+00:00","dateModified":"2025-05-12T13:04:38+00:00","breadcrumb":{"@id":"https:\/\/www.dbi-services.com\/fr\/politique-de-confidentialite\/#breadcrumb"},"inLanguage":"fr-FR","potentialAction":[{"@type":"ReadAction","target":["https:\/\/www.dbi-services.com\/fr\/politique-de-confidentialite\/"]}]},{"@type":"BreadcrumbList","@id":"https:\/\/www.dbi-services.com\/fr\/politique-de-confidentialite\/#breadcrumb","itemListElement":[{"@type":"ListItem","position":1,"name":"Home","item":"https:\/\/www.dbi-services.com\/fr\/"},{"@type":"ListItem","position":2,"name":"Politique de confidentialit\u00e9"}]},{"@type":"WebSite","@id":"https:\/\/www.dbi-services.com\/fr\/#website","url":"https:\/\/www.dbi-services.com\/fr\/","name":"dbi services","description":"","publisher":{"@id":"https:\/\/www.dbi-services.com\/fr\/#organization"},"potentialAction":[{"@type":"SearchAction","target":{"@type":"EntryPoint","urlTemplate":"https:\/\/www.dbi-services.com\/fr\/?s={search_term_string}"},"query-input":{"@type":"PropertyValueSpecification","valueRequired":true,"valueName":"search_term_string"}}],"inLanguage":"fr-FR"},{"@type":"Organization","@id":"https:\/\/www.dbi-services.com\/fr\/#organization","name":"dbi services","alternateName":"dbi services","url":"https:\/\/www.dbi-services.com\/fr\/","logo":{"@type":"ImageObject","inLanguage":"fr-FR","@id":"https:\/\/www.dbi-services.com\/fr\/#\/schema\/logo\/image\/","url":"https:\/\/www.dbi-services.com\/wp-content\/uploads\/2023\/06\/dbi-services-by-sequotech-01-1.png","contentUrl":"https:\/\/www.dbi-services.com\/wp-content\/uploads\/2023\/06\/dbi-services-by-sequotech-01-1.png","width":3230,"height":1100,"caption":"dbi services"},"image":{"@id":"https:\/\/www.dbi-services.com\/fr\/#\/schema\/logo\/image\/"},"sameAs":["https:\/\/www.facebook.com\/dbiservices\/","https:\/\/x.com\/dbiservices","https:\/\/www.linkedin.com\/company\/dbi-services\/","https:\/\/www.youtube.com\/user\/dbiservices"]}]}},"_links":{"self":[{"href":"https:\/\/www.dbi-services.com\/fr\/wp-json\/wp\/v2\/pages\/5411","targetHints":{"allow":["GET"]}}],"collection":[{"href":"https:\/\/www.dbi-services.com\/fr\/wp-json\/wp\/v2\/pages"}],"about":[{"href":"https:\/\/www.dbi-services.com\/fr\/wp-json\/wp\/v2\/types\/page"}],"author":[{"embeddable":true,"href":"https:\/\/www.dbi-services.com\/fr\/wp-json\/wp\/v2\/users\/5"}],"replies":[{"embeddable":true,"href":"https:\/\/www.dbi-services.com\/fr\/wp-json\/wp\/v2\/comments?post=5411"}],"version-history":[{"count":17,"href":"https:\/\/www.dbi-services.com\/fr\/wp-json\/wp\/v2\/pages\/5411\/revisions"}],"predecessor-version":[{"id":7660,"href":"https:\/\/www.dbi-services.com\/fr\/wp-json\/wp\/v2\/pages\/5411\/revisions\/7660"}],"wp:attachment":[{"href":"https:\/\/www.dbi-services.com\/fr\/wp-json\/wp\/v2\/media?parent=5411"}],"wp:term":[{"taxonomy":"location","embeddable":true,"href":"https:\/\/www.dbi-services.com\/fr\/wp-json\/wp\/v2\/location?post=5411"}],"curies":[{"name":"wp","href":"https:\/\/api.w.org\/{rel}","templated":true}]}}