{"id":1970,"date":"2022-04-29T10:13:31","date_gmt":"2022-04-29T08:13:31","guid":{"rendered":"https:\/\/www.dbi-services.com\/?page_id=1970"},"modified":"2025-07-29T07:49:17","modified_gmt":"2025-07-29T05:49:17","slug":"conditions-generales-de-vente-et-de-services-cgv","status":"publish","type":"page","link":"https:\/\/www.dbi-services.com\/fr\/conditions-generales-de-vente-et-de-services-cgv\/","title":{"rendered":"Conditions g\u00e9n\u00e9rales de vente et de services (CGV)"},"content":{"rendered":"\n\n<section id=\"\" class=\"post-section   \"><div class=\"section-wrapper\"><p>Conditions valables d\u00e8s le 1.11.2024 : <a href=\"https:\/\/www.dbi-services.com\/wp-content\/uploads\/2025\/07\/D-DBI-F-20240918-GeneralConditions.pdf\" target=\"_blank\" rel=\"noreferrer noopener\">Veuillez cliquer sur ce lien afin de t\u00e9l\u00e9charger nos Conditions g\u00e9n\u00e9rales de vente et de services<\/a><br><br>Conditions valables du 1.11.2023 au 31.10.2024 : <a href=\"https:\/\/www.dbi-services.com\/wp-content\/uploads\/2023\/10\/D-DBI-F-20231025-GeneralConditions-1.pdf\" target=\"_blank\" rel=\"noreferrer noopener\">Veuillez cliquer sur ce lien afin de t\u00e9l\u00e9charger nos Conditions g\u00e9n\u00e9rales de vente et de services<\/a><br><br>Conditions valables jusqu&rsquo;au 31.10.2023 : <a href=\"https:\/\/www.dbi-services.com\/wp-content\/uploads\/2022\/09\/D-DBI-F-20210819-GeneralConditions.pdf\" target=\"_blank\" rel=\"noreferrer noopener\">Veuillez cliquer sur ce lien afin de t\u00e9l\u00e9charger nos Conditions g\u00e9n\u00e9rales de vente et de services<\/a><\/p><div class=\"content-section\">\n\n<p><\/p>\n\n<\/div><\/div><\/section>\n\n\n<div style=\"height:100px\" aria-hidden=\"true\" class=\"wp-block-spacer\"><\/div>\n","protected":false},"excerpt":{"rendered":"","protected":false},"author":5,"featured_media":0,"parent":0,"menu_order":0,"comment_status":"closed","ping_status":"closed","template":"page-margin.php","meta":{"_acf_changed":false,"footnotes":""},"location":[],"class_list":["post-1970","page","type-page","status-publish","hentry"],"acf":[],"yoast_head":"<!-- This site is optimized with the Yoast SEO Premium plugin v27.2 (Yoast SEO v27.2) - https:\/\/yoast.com\/product\/yoast-seo-premium-wordpress\/ -->\n<title>Conditions g\u00e9n\u00e9rales de vente et de services (CGV) - dbi services<\/title>\n<meta name=\"robots\" content=\"index, follow, max-snippet:-1, max-image-preview:large, max-video-preview:-1\" \/>\n<link rel=\"canonical\" href=\"https:\/\/www.dbi-services.com\/fr\/conditions-generales-de-vente-et-de-services-cgv\/\" \/>\n<meta property=\"og:locale\" content=\"fr_FR\" \/>\n<meta property=\"og:type\" content=\"article\" \/>\n<meta property=\"og:title\" content=\"Conditions g\u00e9n\u00e9rales de vente et de services (CGV)\" \/>\n<meta property=\"og:url\" content=\"https:\/\/www.dbi-services.com\/fr\/conditions-generales-de-vente-et-de-services-cgv\/\" \/>\n<meta property=\"og:site_name\" content=\"dbi services\" \/>\n<meta property=\"article:publisher\" content=\"https:\/\/www.facebook.com\/dbiservices\/\" \/>\n<meta property=\"article:modified_time\" content=\"2025-07-29T05:49:17+00:00\" \/>\n<meta name=\"twitter:card\" content=\"summary_large_image\" \/>\n<meta name=\"twitter:site\" content=\"@dbiservices\" \/>\n<script type=\"application\/ld+json\" class=\"yoast-schema-graph\">{\"@context\":\"https:\/\/schema.org\",\"@graph\":[{\"@type\":\"WebPage\",\"@id\":\"https:\/\/www.dbi-services.com\/fr\/conditions-generales-de-vente-et-de-services-cgv\/\",\"url\":\"https:\/\/www.dbi-services.com\/fr\/conditions-generales-de-vente-et-de-services-cgv\/\",\"name\":\"Conditions g\u00e9n\u00e9rales de vente et de services (CGV) - dbi services\",\"isPartOf\":{\"@id\":\"https:\/\/www.dbi-services.com\/fr\/#website\"},\"datePublished\":\"2022-04-29T08:13:31+00:00\",\"dateModified\":\"2025-07-29T05:49:17+00:00\",\"breadcrumb\":{\"@id\":\"https:\/\/www.dbi-services.com\/fr\/conditions-generales-de-vente-et-de-services-cgv\/#breadcrumb\"},\"inLanguage\":\"fr-FR\",\"potentialAction\":[{\"@type\":\"ReadAction\",\"target\":[\"https:\/\/www.dbi-services.com\/fr\/conditions-generales-de-vente-et-de-services-cgv\/\"]}]},{\"@type\":\"BreadcrumbList\",\"@id\":\"https:\/\/www.dbi-services.com\/fr\/conditions-generales-de-vente-et-de-services-cgv\/#breadcrumb\",\"itemListElement\":[{\"@type\":\"ListItem\",\"position\":1,\"name\":\"Home\",\"item\":\"https:\/\/www.dbi-services.com\/fr\/\"},{\"@type\":\"ListItem\",\"position\":2,\"name\":\"Conditions g\u00e9n\u00e9rales de vente et de services (CGV)\"}]},{\"@type\":\"WebSite\",\"@id\":\"https:\/\/www.dbi-services.com\/fr\/#website\",\"url\":\"https:\/\/www.dbi-services.com\/fr\/\",\"name\":\"dbi services\",\"description\":\"\",\"publisher\":{\"@id\":\"https:\/\/www.dbi-services.com\/fr\/#organization\"},\"potentialAction\":[{\"@type\":\"SearchAction\",\"target\":{\"@type\":\"EntryPoint\",\"urlTemplate\":\"https:\/\/www.dbi-services.com\/fr\/?s={search_term_string}\"},\"query-input\":{\"@type\":\"PropertyValueSpecification\",\"valueRequired\":true,\"valueName\":\"search_term_string\"}}],\"inLanguage\":\"fr-FR\"},{\"@type\":\"Organization\",\"@id\":\"https:\/\/www.dbi-services.com\/fr\/#organization\",\"name\":\"dbi services\",\"alternateName\":\"dbi services\",\"url\":\"https:\/\/www.dbi-services.com\/fr\/\",\"logo\":{\"@type\":\"ImageObject\",\"inLanguage\":\"fr-FR\",\"@id\":\"https:\/\/www.dbi-services.com\/fr\/#\/schema\/logo\/image\/\",\"url\":\"https:\/\/www.dbi-services.com\/wp-content\/uploads\/2023\/06\/dbi-services-by-sequotech-01-1.png\",\"contentUrl\":\"https:\/\/www.dbi-services.com\/wp-content\/uploads\/2023\/06\/dbi-services-by-sequotech-01-1.png\",\"width\":3230,\"height\":1100,\"caption\":\"dbi services\"},\"image\":{\"@id\":\"https:\/\/www.dbi-services.com\/fr\/#\/schema\/logo\/image\/\"},\"sameAs\":[\"https:\/\/www.facebook.com\/dbiservices\/\",\"https:\/\/x.com\/dbiservices\",\"https:\/\/www.linkedin.com\/company\/dbi-services\/\",\"https:\/\/www.youtube.com\/user\/dbiservices\"]}]}<\/script>\n<!-- \/ Yoast SEO Premium plugin. -->","yoast_head_json":{"title":"Conditions g\u00e9n\u00e9rales de vente et de services (CGV) - dbi services","robots":{"index":"index","follow":"follow","max-snippet":"max-snippet:-1","max-image-preview":"max-image-preview:large","max-video-preview":"max-video-preview:-1"},"canonical":"https:\/\/www.dbi-services.com\/fr\/conditions-generales-de-vente-et-de-services-cgv\/","og_locale":"fr_FR","og_type":"article","og_title":"Conditions g\u00e9n\u00e9rales de vente et de services (CGV)","og_url":"https:\/\/www.dbi-services.com\/fr\/conditions-generales-de-vente-et-de-services-cgv\/","og_site_name":"dbi services","article_publisher":"https:\/\/www.facebook.com\/dbiservices\/","article_modified_time":"2025-07-29T05:49:17+00:00","twitter_card":"summary_large_image","twitter_site":"@dbiservices","schema":{"@context":"https:\/\/schema.org","@graph":[{"@type":"WebPage","@id":"https:\/\/www.dbi-services.com\/fr\/conditions-generales-de-vente-et-de-services-cgv\/","url":"https:\/\/www.dbi-services.com\/fr\/conditions-generales-de-vente-et-de-services-cgv\/","name":"Conditions g\u00e9n\u00e9rales de vente et de services (CGV) - dbi services","isPartOf":{"@id":"https:\/\/www.dbi-services.com\/fr\/#website"},"datePublished":"2022-04-29T08:13:31+00:00","dateModified":"2025-07-29T05:49:17+00:00","breadcrumb":{"@id":"https:\/\/www.dbi-services.com\/fr\/conditions-generales-de-vente-et-de-services-cgv\/#breadcrumb"},"inLanguage":"fr-FR","potentialAction":[{"@type":"ReadAction","target":["https:\/\/www.dbi-services.com\/fr\/conditions-generales-de-vente-et-de-services-cgv\/"]}]},{"@type":"BreadcrumbList","@id":"https:\/\/www.dbi-services.com\/fr\/conditions-generales-de-vente-et-de-services-cgv\/#breadcrumb","itemListElement":[{"@type":"ListItem","position":1,"name":"Home","item":"https:\/\/www.dbi-services.com\/fr\/"},{"@type":"ListItem","position":2,"name":"Conditions g\u00e9n\u00e9rales de vente et de services (CGV)"}]},{"@type":"WebSite","@id":"https:\/\/www.dbi-services.com\/fr\/#website","url":"https:\/\/www.dbi-services.com\/fr\/","name":"dbi services","description":"","publisher":{"@id":"https:\/\/www.dbi-services.com\/fr\/#organization"},"potentialAction":[{"@type":"SearchAction","target":{"@type":"EntryPoint","urlTemplate":"https:\/\/www.dbi-services.com\/fr\/?s={search_term_string}"},"query-input":{"@type":"PropertyValueSpecification","valueRequired":true,"valueName":"search_term_string"}}],"inLanguage":"fr-FR"},{"@type":"Organization","@id":"https:\/\/www.dbi-services.com\/fr\/#organization","name":"dbi services","alternateName":"dbi services","url":"https:\/\/www.dbi-services.com\/fr\/","logo":{"@type":"ImageObject","inLanguage":"fr-FR","@id":"https:\/\/www.dbi-services.com\/fr\/#\/schema\/logo\/image\/","url":"https:\/\/www.dbi-services.com\/wp-content\/uploads\/2023\/06\/dbi-services-by-sequotech-01-1.png","contentUrl":"https:\/\/www.dbi-services.com\/wp-content\/uploads\/2023\/06\/dbi-services-by-sequotech-01-1.png","width":3230,"height":1100,"caption":"dbi services"},"image":{"@id":"https:\/\/www.dbi-services.com\/fr\/#\/schema\/logo\/image\/"},"sameAs":["https:\/\/www.facebook.com\/dbiservices\/","https:\/\/x.com\/dbiservices","https:\/\/www.linkedin.com\/company\/dbi-services\/","https:\/\/www.youtube.com\/user\/dbiservices"]}]}},"_links":{"self":[{"href":"https:\/\/www.dbi-services.com\/fr\/wp-json\/wp\/v2\/pages\/1970","targetHints":{"allow":["GET"]}}],"collection":[{"href":"https:\/\/www.dbi-services.com\/fr\/wp-json\/wp\/v2\/pages"}],"about":[{"href":"https:\/\/www.dbi-services.com\/fr\/wp-json\/wp\/v2\/types\/page"}],"author":[{"embeddable":true,"href":"https:\/\/www.dbi-services.com\/fr\/wp-json\/wp\/v2\/users\/5"}],"replies":[{"embeddable":true,"href":"https:\/\/www.dbi-services.com\/fr\/wp-json\/wp\/v2\/comments?post=1970"}],"version-history":[{"count":9,"href":"https:\/\/www.dbi-services.com\/fr\/wp-json\/wp\/v2\/pages\/1970\/revisions"}],"predecessor-version":[{"id":7954,"href":"https:\/\/www.dbi-services.com\/fr\/wp-json\/wp\/v2\/pages\/1970\/revisions\/7954"}],"wp:attachment":[{"href":"https:\/\/www.dbi-services.com\/fr\/wp-json\/wp\/v2\/media?parent=1970"}],"wp:term":[{"taxonomy":"location","embeddable":true,"href":"https:\/\/www.dbi-services.com\/fr\/wp-json\/wp\/v2\/location?post=1970"}],"curies":[{"name":"wp","href":"https:\/\/api.w.org\/{rel}","templated":true}]}}