{"id":117,"date":"2021-12-23T15:56:57","date_gmt":"2021-12-23T14:56:57","guid":{"rendered":"https:\/\/www.dbi-services.com\/?page_id=117"},"modified":"2025-11-17T10:59:02","modified_gmt":"2025-11-17T09:59:02","slug":"entreprise","status":"publish","type":"page","link":"https:\/\/www.dbi-services.com\/fr\/entreprise\/","title":{"rendered":"Entreprise"},"content":{"rendered":"\n\n<section id=\"\" class=\"post-section  bg-primary \"><div class=\"section-wrapper\"><h3><\/h3><h2><\/h2><div class=\"content-section\">\n\n<div class=\"wp-block-dbi-columns\">\n<div class=\"wp-block-dbi-column\">\n<h3 class=\"wp-block-heading\" id=\"2010\"><strong>2010<\/strong><\/h3>\n\n\n\n<p>Ann\u00e9e de fondation<\/p>\n<\/div>\n\n\n\n<div class=\"wp-block-dbi-column\">\n<h3 class=\"wp-block-heading plus\" id=\"85\"><strong>100<\/strong><\/h3>\n\n\n\n<p>Experts IT<\/p>\n<\/div>\n\n\n\n<div class=\"wp-block-dbi-column\">\n<h3 class=\"wp-block-heading plus\" id=\"200\"><strong>200<\/strong><\/h3>\n\n\n\n<p>Certifications techniques<\/p>\n<\/div>\n<\/div>\n\n\n\n<div class=\"wp-block-dbi-columns\">\n<div class=\"wp-block-dbi-column\">\n<h3 class=\"wp-block-heading plus\" id=\"300\"><strong>450<\/strong><\/h3>\n\n\n\n<p>Clients<\/p>\n<\/div>\n\n\n\n<div class=\"wp-block-dbi-column\">\n<h3 class=\"wp-block-heading plus\" id=\"3\"><strong>3<\/strong><\/h3>\n\n\n\n<p>Langues parl\u00e9es<\/p>\n<\/div>\n\n\n\n<div class=\"wp-block-dbi-column\">\n<h3 class=\"wp-block-heading plus\" id=\"70\"><strong>120<\/strong><\/h3>\n\n\n\n<p>Service Level Agreements<\/p>\n<\/div>\n<\/div>\n\n\n\n<div class=\"wp-block-dbi-columns\">\n<div class=\"wp-block-dbi-column\">\n<h3 class=\"wp-block-heading plus\" id=\"15\"><strong>15%<\/strong><\/h3>\n\n\n\n<p>Investissement en R&amp;D<\/p>\n<\/div>\n\n\n\n<div class=\"wp-block-dbi-column\">\n<h3 class=\"wp-block-heading plus\" id=\"2-500\"><strong>3500<\/strong><\/h3>\n\n\n\n<p>Blog posts techniques<\/p>\n<\/div>\n\n\n\n<div class=\"wp-block-dbi-column\"><\/div>\n<\/div>\n\n<\/div><\/div><\/section>\n\n<section id=\"des-valeurs-qui-guident-nos-actions\" class=\"post-section  bg-white SALADE\"><div class=\"section-wrapper\"><h3>Notre ADN <\/h3><h2>Des valeurs qui guident nos actions<\/h2><p>dbi services est une entreprise jeune, moderne, ouverte d\u2019esprit et orient\u00e9e communaut\u00e9. Nous nous d\u00e9marquons par notre capital humain, nos m\u00e9thodes de travail, nos valeurs et notre culture d\u2019entreprise.<\/p><div class=\"content-section\">\n\n<div class=\"wp-block-dbi-columns\">\n<div class=\"wp-block-dbi-column\">\n<h3 class=\"wp-block-heading\" id=\"besharing\">#BESHARING<\/h3>\n\n\n\n<p>Nous \u00e9largissons constamment nos connaissances et les partageons de mani\u00e8re active avec nos collaborateurs, clients et partenaires. Nous d\u00e9sirons \u00e9tablir une communaut\u00e9 afin de pouvoir r\u00e9aliser des id\u00e9es nouvelles et utiles auxquelles nous croyons.<\/p>\n<\/div>\n\n\n\n<div class=\"wp-block-dbi-column\">\n<h3 class=\"wp-block-heading\" id=\"beresponsible\">#BERESPONSIBLE<\/h3>\n\n\n\n<p>Nous attachons une grande importance \u00e0 la responsabilit\u00e9, au respect, \u00e0 l\u2019ouverture d\u2019esprit et \u00e0 la diversit\u00e9 dans tous les aspects des relations humaines. Nous sommes toujours ouverts aux id\u00e9es, croyances et points-de-vue nouveaux ou diff\u00e9rents.<\/p>\n<\/div>\n<\/div>\n\n\n\n<div class=\"wp-block-dbi-columns\">\n<div class=\"wp-block-dbi-column\">\n<h3 class=\"wp-block-heading\" id=\"bepassionnate\">#BEPASSIONNATE<\/h3>\n\n\n\n<p>Nous aimons notre travail et y prenons plaisir. Ce qui nous motive, ce sont des projets ambitieux, des clients satisfaits et des collaborateurs engag\u00e9s.<\/p>\n<\/div>\n\n\n\n<div class=\"wp-block-dbi-column\">\n<h3 class=\"wp-block-heading\" id=\"besuccessful\">#BESUCCESSFUL<\/h3>\n\n\n\n<p>Nous ne cessons jamais d\u2019apprendre de nos clients, de les \u00e9couter et de nous adapter \u00e0 leurs besoins ainsi qu\u2019\u00e0 leur domaine d\u2019activit\u00e9. Nous pensons que c\u2019est la mani\u00e8re la plus efficace et durable d\u2019assurer le succ\u00e8s des projets.<\/p>\n<\/div>\n<\/div>\n\n<\/div><\/div><\/section>\n\n<section id=\"nous-nous-efforons-de-construire-un-avenir-meilleur\" class=\"post-section   text-p-center\"><div class=\"section-wrapper\"><h3>Durabilit\u00e9<\/h3><h2>Nous nous effor\u00e7ons de construire un avenir meilleur<\/h2><p>Consultez notre rapport sur le d\u00e9veloppement durable. <a href=\"https:\/\/www.dbi-services.com\/wp-content\/uploads\/2025\/06\/D-DBI-F-20250509-SustainabiltyReport2024-1.pdf\" target=\"_blank\" rel=\"noreferrer noopener\">Plus d&rsquo;informations<\/a><\/p><\/div><\/section>\n\n<section id=\"membre-du-groupe\" class=\"post-section  bg-white text-p-center\"><div class=\"section-wrapper\"><h3>Sequotech<\/h3><h2>Membre du groupe<\/h2><p>dbi services a rejoint le groupe Sequotech. <a href=\"https:\/\/www.sequotech.com\/\">Plus d&rsquo;informations<\/a><\/p><div class=\"content-section\">\n<div class=\"wp-block-image\">\n<figure class=\"aligncenter size-large is-resized\"><img loading=\"lazy\" decoding=\"async\" width=\"1024\" height=\"167\" src=\"https:\/\/www.dbi-services.com\/wp-content\/uploads\/2022\/04\/Sequotech-logo-CMJN-classique_transparent-1024x167.png\" alt=\"\" class=\"wp-image-1889\" style=\"width:422px;height:69px\" srcset=\"https:\/\/www.dbi-services.com\/wp-content\/uploads\/2022\/04\/Sequotech-logo-CMJN-classique_transparent-1024x167.png 1024w, https:\/\/www.dbi-services.com\/wp-content\/uploads\/2022\/04\/Sequotech-logo-CMJN-classique_transparent-300x49.png 300w, https:\/\/www.dbi-services.com\/wp-content\/uploads\/2022\/04\/Sequotech-logo-CMJN-classique_transparent-768x125.png 768w, https:\/\/www.dbi-services.com\/wp-content\/uploads\/2022\/04\/Sequotech-logo-CMJN-classique_transparent-1536x250.png 1536w, https:\/\/www.dbi-services.com\/wp-content\/uploads\/2022\/04\/Sequotech-logo-CMJN-classique_transparent-2048x333.png 2048w\" sizes=\"auto, (max-width: 1024px) 100vw, 1024px\" \/><\/figure>\n<\/div>\n<\/div><\/div><\/section>\n\n<section id=\"avec-qui-travaillons-nous\" class=\"post-section  bg-dark bg-dark\"><div class=\"section-wrapper\"><h3>NOUS COLLABORONS<\/h3><h2>Avec qui travaillons-nous<\/h2><p>dbi services compte des clients op\u00e9rant dans divers secteurs tels que la pharmacologie, les banques, les assurances, l\u2019industrie, la sant\u00e9, les m\u00e9dias, l\u2019\u00e9nergie, le secteur publique et l\u2019immobilier.<\/p><div class=\"content-section\">\n        <div id=\"partner-grid\" class=\"grid p-5 bg-white shadow\">\n                            <div><img decoding=\"async\" src=\"https:\/\/www.dbi-services.com\/wp-content\/uploads\/2023\/09\/csl-vifor-png-300x120.png\" alt=\"\" class=\"img-fluid\"><\/div>\n                            <div><img decoding=\"async\" src=\"https:\/\/www.dbi-services.com\/wp-content\/uploads\/2022\/03\/Logo-Unilabs-carre-300x300.png\" alt=\"\" class=\"img-fluid\"><\/div>\n                            <div><img decoding=\"async\" src=\"https:\/\/www.dbi-services.com\/wp-content\/uploads\/2022\/03\/Logo-Swissquote-carre-300x300.png\" alt=\"\" class=\"img-fluid\"><\/div>\n                            <div><img decoding=\"async\" src=\"https:\/\/www.dbi-services.com\/wp-content\/uploads\/2022\/03\/Logo-HUG-carre-300x300.png\" alt=\"\" class=\"img-fluid\"><\/div>\n                            <div><img decoding=\"async\" src=\"https:\/\/www.dbi-services.com\/wp-content\/uploads\/2022\/03\/Logo-JURA-carre-300x300.png\" alt=\"\" class=\"img-fluid\"><\/div>\n                            <div><img decoding=\"async\" src=\"https:\/\/www.dbi-services.com\/wp-content\/uploads\/2022\/03\/Logo-Mobiliar-carre-300x300.png\" alt=\"\" class=\"img-fluid\"><\/div>\n                            <div><img decoding=\"async\" src=\"https:\/\/www.dbi-services.com\/wp-content\/uploads\/2022\/03\/Logo-Holstein-carre-300x300.png\" alt=\"\" class=\"img-fluid\"><\/div>\n                            <div><img decoding=\"async\" src=\"https:\/\/www.dbi-services.com\/wp-content\/uploads\/2022\/03\/Logo-Givaudan-carre-300x300.png\" alt=\"\" class=\"img-fluid\"><\/div>\n                            <div><img decoding=\"async\" src=\"https:\/\/www.dbi-services.com\/wp-content\/uploads\/2022\/03\/Logo-GaleniCare-carre-300x300.png\" alt=\"\" class=\"img-fluid\"><\/div>\n                            <div><img decoding=\"async\" src=\"https:\/\/www.dbi-services.com\/wp-content\/uploads\/2022\/03\/Logo-Delphin-Amazonia-carre-300x300.png\" alt=\"\" class=\"img-fluid\"><\/div>\n                            <div><img decoding=\"async\" src=\"https:\/\/www.dbi-services.com\/wp-content\/uploads\/2022\/03\/Ct.-Vaud-carre-e1648138587979-300x194.png\" alt=\"\" class=\"img-fluid\"><\/div>\n                            <div><img decoding=\"async\" src=\"https:\/\/www.dbi-services.com\/wp-content\/uploads\/2022\/03\/Logo-Broillet-carre-e1648138562999-300x216.png\" alt=\"\" class=\"img-fluid\"><\/div>\n                            <div><img decoding=\"async\" src=\"https:\/\/www.dbi-services.com\/wp-content\/uploads\/2022\/02\/Logo-Swisslos-carre-e1648138446834-300x52.png\" alt=\"\" class=\"img-fluid\"><\/div>\n                            <div><img decoding=\"async\" src=\"https:\/\/www.dbi-services.com\/wp-content\/uploads\/2022\/03\/Logo-Gutzwiller-carre-e1648138543921-300x38.png\" alt=\"\" class=\"img-fluid\"><\/div>\n                            <div><img decoding=\"async\" src=\"https:\/\/www.dbi-services.com\/wp-content\/uploads\/2023\/09\/Sunrise_Vert_Logo_Pos_RGB_PNG-300x268.png\" alt=\"\" class=\"img-fluid\"><\/div>\n                            <div><img decoding=\"async\" src=\"https:\/\/www.dbi-services.com\/wp-content\/uploads\/2022\/02\/Logo-Swissgas-carre-e1648138476971-300x43.png\" alt=\"\" class=\"img-fluid\"><\/div>\n                            <div><img decoding=\"async\" src=\"https:\/\/www.dbi-services.com\/wp-content\/uploads\/2022\/02\/Logo-Helvetia-carre-e1648138425477-300x70.png\" alt=\"\" class=\"img-fluid\"><\/div>\n                            <div><img decoding=\"async\" src=\"https:\/\/www.dbi-services.com\/wp-content\/uploads\/2022\/02\/Logo-EHL-carre-e1648138404107-300x133.png\" alt=\"\" class=\"img-fluid\"><\/div>\n                            <div><img decoding=\"async\" src=\"https:\/\/www.dbi-services.com\/wp-content\/uploads\/2022\/02\/Logo-Idorsia-carre-e1648138382289-300x97.png\" alt=\"\" class=\"img-fluid\"><\/div>\n                            <div><img decoding=\"async\" src=\"https:\/\/www.dbi-services.com\/wp-content\/uploads\/2022\/02\/Logo-misystems-carre-e1648138322625-300x70.png\" alt=\"\" class=\"img-fluid\"><\/div>\n                            <div><img decoding=\"async\" src=\"https:\/\/www.dbi-services.com\/wp-content\/uploads\/2022\/02\/Logo-RTS-carre-e1648138260585-300x135.png\" alt=\"\" class=\"img-fluid\"><\/div>\n                            <div><img decoding=\"async\" src=\"https:\/\/www.dbi-services.com\/wp-content\/uploads\/2022\/02\/Logo-KKG-carre-e1648138239742-300x71.png\" alt=\"\" class=\"img-fluid\"><\/div>\n                            <div><img decoding=\"async\" src=\"https:\/\/www.dbi-services.com\/wp-content\/uploads\/2022\/02\/Logo-SIG-carre-e1648138204910-300x220.png\" alt=\"\" class=\"img-fluid\"><\/div>\n                    <\/div>\n\n<\/div><\/div><\/section>\n\n\n<div class=\"wp-block-columns is-layout-flex wp-container-core-columns-is-layout-9d6595d7 wp-block-columns-is-layout-flex\">\n<div class=\"wp-block-column is-layout-flow wp-block-column-is-layout-flow\" style=\"flex-basis:25%\"><\/div>\n\n\n\n<div class=\"wp-block-column is-layout-flow wp-block-column-is-layout-flow\" style=\"flex-basis:50%\"><\/div>\n\n\n\n<div class=\"wp-block-column is-layout-flow wp-block-column-is-layout-flow\" style=\"flex-basis:25%\"><\/div>\n<\/div>\n\n\n<section id=\"\" class=\"post-section   \"><div class=\"section-wrapper\"><div class=\"content-section\">\n\n<div class=\"wp-block-columns is-layout-flex wp-container-core-columns-is-layout-9d6595d7 wp-block-columns-is-layout-flex\">\n<div class=\"wp-block-column is-layout-flow wp-block-column-is-layout-flow\">\n<figure class=\"wp-block-gallery has-nested-images columns-default is-cropped wp-block-gallery-2 is-layout-flex wp-block-gallery-is-layout-flex\">\n<figure class=\"wp-block-image size-large\"><a href=\"https:\/\/www.dbi-services.com\/wp-content\/uploads\/2025\/11\/P-DBI-E-20251112-Company-presentation-min.pdf\" target=\"_blank\" rel=\" noreferrer noopener\"><img loading=\"lazy\" decoding=\"async\" width=\"1024\" height=\"569\" data-id=\"7700\" src=\"https:\/\/www.dbi-services.com\/wp-content\/uploads\/2025\/05\/Screenshot-2025-05-12-155203-1-1024x569.png\" alt=\"\" class=\"wp-image-7700\" srcset=\"https:\/\/www.dbi-services.com\/wp-content\/uploads\/2025\/05\/Screenshot-2025-05-12-155203-1-1024x569.png 1024w, https:\/\/www.dbi-services.com\/wp-content\/uploads\/2025\/05\/Screenshot-2025-05-12-155203-1-300x167.png 300w, https:\/\/www.dbi-services.com\/wp-content\/uploads\/2025\/05\/Screenshot-2025-05-12-155203-1-768x427.png 768w, https:\/\/www.dbi-services.com\/wp-content\/uploads\/2025\/05\/Screenshot-2025-05-12-155203-1.png 1502w\" sizes=\"auto, (max-width: 1024px) 100vw, 1024px\" \/><\/a><\/figure>\n<\/figure>\n<\/div>\n\n\n\n<div class=\"wp-block-column is-layout-flow wp-block-column-is-layout-flow\"><\/div>\n<\/div>\n\n<\/div><\/div><\/section>","protected":false},"excerpt":{"rendered":"","protected":false},"author":1,"featured_media":0,"parent":0,"menu_order":0,"comment_status":"closed","ping_status":"closed","template":"","meta":{"_acf_changed":false,"footnotes":""},"location":[],"class_list":["post-117","page","type-page","status-publish","hentry"],"acf":[],"yoast_head":"<!-- This site is optimized with the Yoast SEO Premium plugin v27.2 (Yoast SEO v27.2) - https:\/\/yoast.com\/product\/yoast-seo-premium-wordpress\/ -->\n<title>Entreprise - dbi services<\/title>\n<meta name=\"robots\" content=\"index, follow, max-snippet:-1, max-image-preview:large, max-video-preview:-1\" \/>\n<link rel=\"canonical\" href=\"https:\/\/www.dbi-services.com\/fr\/entreprise\/\" \/>\n<meta property=\"og:locale\" content=\"fr_FR\" \/>\n<meta property=\"og:type\" content=\"article\" \/>\n<meta property=\"og:title\" content=\"Entreprise\" \/>\n<meta property=\"og:url\" content=\"https:\/\/www.dbi-services.com\/fr\/entreprise\/\" \/>\n<meta property=\"og:site_name\" content=\"dbi services\" \/>\n<meta property=\"article:publisher\" content=\"https:\/\/www.facebook.com\/dbiservices\/\" \/>\n<meta property=\"article:modified_time\" content=\"2025-11-17T09:59:02+00:00\" \/>\n<meta property=\"og:image\" content=\"https:\/\/www.dbi-services.com\/wp-content\/uploads\/2022\/04\/Sequotech-logo-CMJN-classique_transparent.png\" \/>\n\t<meta property=\"og:image:width\" content=\"4713\" \/>\n\t<meta property=\"og:image:height\" content=\"767\" \/>\n\t<meta property=\"og:image:type\" content=\"image\/png\" \/>\n<meta name=\"twitter:card\" content=\"summary_large_image\" \/>\n<meta name=\"twitter:site\" content=\"@dbiservices\" \/>\n<script type=\"application\/ld+json\" class=\"yoast-schema-graph\">{\"@context\":\"https:\/\/schema.org\",\"@graph\":[{\"@type\":\"WebPage\",\"@id\":\"https:\/\/www.dbi-services.com\/fr\/entreprise\/\",\"url\":\"https:\/\/www.dbi-services.com\/fr\/entreprise\/\",\"name\":\"Entreprise - dbi services\",\"isPartOf\":{\"@id\":\"https:\/\/www.dbi-services.com\/fr\/#website\"},\"primaryImageOfPage\":{\"@id\":\"https:\/\/www.dbi-services.com\/fr\/entreprise\/#primaryimage\"},\"image\":{\"@id\":\"https:\/\/www.dbi-services.com\/fr\/entreprise\/#primaryimage\"},\"thumbnailUrl\":\"https:\/\/www.dbi-services.com\/wp-content\/uploads\/2022\/04\/Sequotech-logo-CMJN-classique_transparent-1024x167.png\",\"datePublished\":\"2021-12-23T14:56:57+00:00\",\"dateModified\":\"2025-11-17T09:59:02+00:00\",\"breadcrumb\":{\"@id\":\"https:\/\/www.dbi-services.com\/fr\/entreprise\/#breadcrumb\"},\"inLanguage\":\"fr-FR\",\"potentialAction\":[{\"@type\":\"ReadAction\",\"target\":[\"https:\/\/www.dbi-services.com\/fr\/entreprise\/\"]}]},{\"@type\":\"ImageObject\",\"inLanguage\":\"fr-FR\",\"@id\":\"https:\/\/www.dbi-services.com\/fr\/entreprise\/#primaryimage\",\"url\":\"https:\/\/www.dbi-services.com\/wp-content\/uploads\/2022\/04\/Sequotech-logo-CMJN-classique_transparent-1024x167.png\",\"contentUrl\":\"https:\/\/www.dbi-services.com\/wp-content\/uploads\/2022\/04\/Sequotech-logo-CMJN-classique_transparent-1024x167.png\"},{\"@type\":\"BreadcrumbList\",\"@id\":\"https:\/\/www.dbi-services.com\/fr\/entreprise\/#breadcrumb\",\"itemListElement\":[{\"@type\":\"ListItem\",\"position\":1,\"name\":\"Home\",\"item\":\"https:\/\/www.dbi-services.com\/fr\/\"},{\"@type\":\"ListItem\",\"position\":2,\"name\":\"Entreprise\"}]},{\"@type\":\"WebSite\",\"@id\":\"https:\/\/www.dbi-services.com\/fr\/#website\",\"url\":\"https:\/\/www.dbi-services.com\/fr\/\",\"name\":\"dbi services\",\"description\":\"\",\"publisher\":{\"@id\":\"https:\/\/www.dbi-services.com\/fr\/#organization\"},\"potentialAction\":[{\"@type\":\"SearchAction\",\"target\":{\"@type\":\"EntryPoint\",\"urlTemplate\":\"https:\/\/www.dbi-services.com\/fr\/?s={search_term_string}\"},\"query-input\":{\"@type\":\"PropertyValueSpecification\",\"valueRequired\":true,\"valueName\":\"search_term_string\"}}],\"inLanguage\":\"fr-FR\"},{\"@type\":\"Organization\",\"@id\":\"https:\/\/www.dbi-services.com\/fr\/#organization\",\"name\":\"dbi services\",\"alternateName\":\"dbi services\",\"url\":\"https:\/\/www.dbi-services.com\/fr\/\",\"logo\":{\"@type\":\"ImageObject\",\"inLanguage\":\"fr-FR\",\"@id\":\"https:\/\/www.dbi-services.com\/fr\/#\/schema\/logo\/image\/\",\"url\":\"https:\/\/www.dbi-services.com\/wp-content\/uploads\/2023\/06\/dbi-services-by-sequotech-01-1.png\",\"contentUrl\":\"https:\/\/www.dbi-services.com\/wp-content\/uploads\/2023\/06\/dbi-services-by-sequotech-01-1.png\",\"width\":3230,\"height\":1100,\"caption\":\"dbi services\"},\"image\":{\"@id\":\"https:\/\/www.dbi-services.com\/fr\/#\/schema\/logo\/image\/\"},\"sameAs\":[\"https:\/\/www.facebook.com\/dbiservices\/\",\"https:\/\/x.com\/dbiservices\",\"https:\/\/www.linkedin.com\/company\/dbi-services\/\",\"https:\/\/www.youtube.com\/user\/dbiservices\"]}]}<\/script>\n<!-- \/ Yoast SEO Premium plugin. -->","yoast_head_json":{"title":"Entreprise - dbi services","robots":{"index":"index","follow":"follow","max-snippet":"max-snippet:-1","max-image-preview":"max-image-preview:large","max-video-preview":"max-video-preview:-1"},"canonical":"https:\/\/www.dbi-services.com\/fr\/entreprise\/","og_locale":"fr_FR","og_type":"article","og_title":"Entreprise","og_url":"https:\/\/www.dbi-services.com\/fr\/entreprise\/","og_site_name":"dbi services","article_publisher":"https:\/\/www.facebook.com\/dbiservices\/","article_modified_time":"2025-11-17T09:59:02+00:00","og_image":[{"width":4713,"height":767,"url":"https:\/\/www.dbi-services.com\/wp-content\/uploads\/2022\/04\/Sequotech-logo-CMJN-classique_transparent.png","type":"image\/png"}],"twitter_card":"summary_large_image","twitter_site":"@dbiservices","schema":{"@context":"https:\/\/schema.org","@graph":[{"@type":"WebPage","@id":"https:\/\/www.dbi-services.com\/fr\/entreprise\/","url":"https:\/\/www.dbi-services.com\/fr\/entreprise\/","name":"Entreprise - dbi services","isPartOf":{"@id":"https:\/\/www.dbi-services.com\/fr\/#website"},"primaryImageOfPage":{"@id":"https:\/\/www.dbi-services.com\/fr\/entreprise\/#primaryimage"},"image":{"@id":"https:\/\/www.dbi-services.com\/fr\/entreprise\/#primaryimage"},"thumbnailUrl":"https:\/\/www.dbi-services.com\/wp-content\/uploads\/2022\/04\/Sequotech-logo-CMJN-classique_transparent-1024x167.png","datePublished":"2021-12-23T14:56:57+00:00","dateModified":"2025-11-17T09:59:02+00:00","breadcrumb":{"@id":"https:\/\/www.dbi-services.com\/fr\/entreprise\/#breadcrumb"},"inLanguage":"fr-FR","potentialAction":[{"@type":"ReadAction","target":["https:\/\/www.dbi-services.com\/fr\/entreprise\/"]}]},{"@type":"ImageObject","inLanguage":"fr-FR","@id":"https:\/\/www.dbi-services.com\/fr\/entreprise\/#primaryimage","url":"https:\/\/www.dbi-services.com\/wp-content\/uploads\/2022\/04\/Sequotech-logo-CMJN-classique_transparent-1024x167.png","contentUrl":"https:\/\/www.dbi-services.com\/wp-content\/uploads\/2022\/04\/Sequotech-logo-CMJN-classique_transparent-1024x167.png"},{"@type":"BreadcrumbList","@id":"https:\/\/www.dbi-services.com\/fr\/entreprise\/#breadcrumb","itemListElement":[{"@type":"ListItem","position":1,"name":"Home","item":"https:\/\/www.dbi-services.com\/fr\/"},{"@type":"ListItem","position":2,"name":"Entreprise"}]},{"@type":"WebSite","@id":"https:\/\/www.dbi-services.com\/fr\/#website","url":"https:\/\/www.dbi-services.com\/fr\/","name":"dbi services","description":"","publisher":{"@id":"https:\/\/www.dbi-services.com\/fr\/#organization"},"potentialAction":[{"@type":"SearchAction","target":{"@type":"EntryPoint","urlTemplate":"https:\/\/www.dbi-services.com\/fr\/?s={search_term_string}"},"query-input":{"@type":"PropertyValueSpecification","valueRequired":true,"valueName":"search_term_string"}}],"inLanguage":"fr-FR"},{"@type":"Organization","@id":"https:\/\/www.dbi-services.com\/fr\/#organization","name":"dbi services","alternateName":"dbi services","url":"https:\/\/www.dbi-services.com\/fr\/","logo":{"@type":"ImageObject","inLanguage":"fr-FR","@id":"https:\/\/www.dbi-services.com\/fr\/#\/schema\/logo\/image\/","url":"https:\/\/www.dbi-services.com\/wp-content\/uploads\/2023\/06\/dbi-services-by-sequotech-01-1.png","contentUrl":"https:\/\/www.dbi-services.com\/wp-content\/uploads\/2023\/06\/dbi-services-by-sequotech-01-1.png","width":3230,"height":1100,"caption":"dbi services"},"image":{"@id":"https:\/\/www.dbi-services.com\/fr\/#\/schema\/logo\/image\/"},"sameAs":["https:\/\/www.facebook.com\/dbiservices\/","https:\/\/x.com\/dbiservices","https:\/\/www.linkedin.com\/company\/dbi-services\/","https:\/\/www.youtube.com\/user\/dbiservices"]}]}},"_links":{"self":[{"href":"https:\/\/www.dbi-services.com\/fr\/wp-json\/wp\/v2\/pages\/117","targetHints":{"allow":["GET"]}}],"collection":[{"href":"https:\/\/www.dbi-services.com\/fr\/wp-json\/wp\/v2\/pages"}],"about":[{"href":"https:\/\/www.dbi-services.com\/fr\/wp-json\/wp\/v2\/types\/page"}],"author":[{"embeddable":true,"href":"https:\/\/www.dbi-services.com\/fr\/wp-json\/wp\/v2\/users\/1"}],"replies":[{"embeddable":true,"href":"https:\/\/www.dbi-services.com\/fr\/wp-json\/wp\/v2\/comments?post=117"}],"version-history":[{"count":58,"href":"https:\/\/www.dbi-services.com\/fr\/wp-json\/wp\/v2\/pages\/117\/revisions"}],"predecessor-version":[{"id":8195,"href":"https:\/\/www.dbi-services.com\/fr\/wp-json\/wp\/v2\/pages\/117\/revisions\/8195"}],"wp:attachment":[{"href":"https:\/\/www.dbi-services.com\/fr\/wp-json\/wp\/v2\/media?parent=117"}],"wp:term":[{"taxonomy":"location","embeddable":true,"href":"https:\/\/www.dbi-services.com\/fr\/wp-json\/wp\/v2\/location?post=117"}],"curies":[{"name":"wp","href":"https:\/\/api.w.org\/{rel}","templated":true}]}}