{"id":115,"date":"2021-12-23T15:55:38","date_gmt":"2021-12-23T14:55:38","guid":{"rendered":"https:\/\/www.dbi-services.com\/?page_id=115"},"modified":"2022-05-09T09:04:15","modified_gmt":"2022-05-09T07:04:15","slug":"career","status":"publish","type":"page","link":"https:\/\/www.dbi-services.com\/fr\/career\/","title":{"rendered":"Career"},"content":{"rendered":"\n\n<section id=\"simplement-parce-que-nous-sommes-une-great-place-to\" class=\"post-section   \"><div class=\"section-wrapper\"><h3>Pourquoi travailler chez dbi services ?<\/h3><h2>Simplement parce que nous sommes une \u00ab\u00a0great place to\u2026\u00a0\u00bb<\/h2><div class=\"content-section\">\n\n<div class=\"wp-block-dbi-card card card-services\"><div class=\"card-header\"><\/div><hr\/><div class=\"card-body\"><h3 class=\"card-title\">Be well integrated<\/h3><p class=\"card-text\">Ton accueil se pr\u00e9pare en coulisses bien avant ton arriv\u00e9e. Tu pourras choisir au pr\u00e9alable l\u2019ordinateur ainsi que le smartphone (avec abonnement utilisable \u00e0 des fins priv\u00e9es) qui te conviennent le mieux parmi notre s\u00e9lection. Le jour \u00ab\u00a0J\u00a0\u00bb, tu seras guid\u00e9 par notre CEO puis par ton Manager et pr\u00e9sent\u00e9 \u00e0 tes nouveaux coll\u00e8gues pour que tu puisses rapidement int\u00e9grer notre \u00e9quipe.<\/p><\/div><\/div>\n\n\n\n<div class=\"wp-block-dbi-card card card-services\"><div class=\"card-header\"><\/div><hr\/><div class=\"card-body\"><h3 class=\"card-title\">Enjoy a culture of sharing<\/h3><p class=\"card-text\">Le partage est l\u2019une de nos valeurs cl\u00e9s. Pour cette raison, nous favorisons le transfert r\u00e9gulier d\u2019informations et de comp\u00e9tences. Nous organisons deux fois par ann\u00e9e un \u00e9v\u00e9nement interne, le \u00ab\u00a0dbi xChange\u00a0\u00bb, durant lequel l\u2019ensemble des collaborateurs peuvent pr\u00e9senter une session sur leur domaine de comp\u00e9tences et se retrouver pour en discuter.<\/p><\/div><\/div>\n\n\n\n<div class=\"wp-block-dbi-card card card-services\"><div class=\"card-header\"><\/div><hr\/><div class=\"card-body\"><h3 class=\"card-title\">Be listened to<\/h3><p class=\"card-text\">Tu seras r\u00e9guli\u00e8rement invit\u00e9 \u00e0 participer \u00e0 des rencontres avec ton Manager et \u00e0 des r\u00e9unions d\u2019\u00e9quipe. Tu pourras y faire des propositions et obtenir la marge de man\u0153uvre n\u00e9cessaire pour les impl\u00e9menter.<\/p><\/div><\/div>\n\n\n\n<div class=\"wp-block-dbi-card card card-services\"><div class=\"card-header\"><\/div><hr\/><div class=\"card-body\"><h3 class=\"card-title\">Work smart &amp; flexibly<\/h3><p class=\"card-text\">L\u2019\u00e9quilibre entre la vie professionnelle et la vie priv\u00e9e de nos collaborateurs nous tient \u00e0 c\u0153ur. Pour rendre ton quotidien plus agr\u00e9able, nous nous adaptons \u00e0 tes besoins et te permettons de faire du t\u00e9l\u00e9travail et\/ou d\u2019opter pour du temps partiel. Tu organises ta journ\u00e9e de travail comme tu le souhaites (selon des plages horaires fixes).<\/p><\/div><\/div>\n\n\n\n<div class=\"wp-block-dbi-card card card-services\"><div class=\"card-header\"><\/div><hr\/><div class=\"card-body\"><h3 class=\"card-title\">Learn and evolve within the company<\/h3><p class=\"card-text\">Dans un environnement en mutation continue, notre priorit\u00e9 est le d\u00e9veloppement du know-how de notre \u00e9quipe. C\u2019est pourquoi nous consacrons une part importante de notre chiffre d\u2019affaires dans la formation de nos employ\u00e9s. Quelle que soit la comp\u00e9tence que tu souhaites d\u00e9velopper ou acqu\u00e9rir (technique, linguistique, etc.), nous mettons \u00e0 ta disposition du temps et des cours pour que tu puisses r\u00e9ussir ta certification.<\/p><\/div><\/div>\n\n\n\n<div class=\"wp-block-dbi-card card card-services\"><div class=\"card-header\"><\/div><hr\/><div class=\"card-body\"><h3 class=\"card-title\">Expand your horizons<\/h3><p class=\"card-text\">En tant qu\u2019expert, tu es invit\u00e9 \u00e0 participer \u00e0 des conf\u00e9rences de renomm\u00e9e internationale telles qu\u2019Oracle OpenWorld, Microsoft Inspire, SQL Saturday, IT Tage, \u00e9v\u00e9nements PostgreSQL, DOAG, POUG, etc. Ce sont des occasions uniques d\u2019acqu\u00e9rir des connaissances, de pr\u00e9senter ton domaine d\u2019expertise et d\u2019agrandir ton r\u00e9seau.<\/p><\/div><\/div>\n\n\n\n<div class=\"wp-block-dbi-card card card-services\"><div class=\"card-header\"><\/div><hr\/><div class=\"card-body\"><h3 class=\"card-title\">Do fun things together<\/h3><p class=\"card-text\">Chez dbi services, esprit d\u2019\u00e9quipe rime avec convivialit\u00e9. En plus des parties de babyfoot et des ap\u00e9ros occasionnels apr\u00e8s le travail, chaque team organise une sortie deux fois par ann\u00e9e, g\u00e9n\u00e9ralement en soir\u00e9e avec un repas et une activit\u00e9. Il est \u00e9galement important pour nous d\u2019avoir une attention pour les conjoints et enfants de nos collaborateurs. Ainsi, nous organisons des sorties facultatives en leur compagnie en hiver et en \u00e9t\u00e9.<\/p><\/div><\/div>\n\n<\/div><\/div><\/section>","protected":false},"excerpt":{"rendered":"","protected":false},"author":1,"featured_media":0,"parent":0,"menu_order":0,"comment_status":"closed","ping_status":"closed","template":"","meta":{"_acf_changed":false,"footnotes":""},"location":[],"class_list":["post-115","page","type-page","status-publish","hentry"],"acf":[],"yoast_head":"<!-- This site is optimized with the Yoast SEO Premium plugin v27.2 (Yoast SEO v27.4) - https:\/\/yoast.com\/product\/yoast-seo-premium-wordpress\/ -->\n<title>Career - dbi services<\/title>\n<meta name=\"robots\" content=\"index, follow, max-snippet:-1, max-image-preview:large, max-video-preview:-1\" \/>\n<link rel=\"canonical\" href=\"https:\/\/www.dbi-services.com\/fr\/career\/\" \/>\n<meta property=\"og:locale\" content=\"fr_FR\" \/>\n<meta property=\"og:type\" content=\"article\" \/>\n<meta property=\"og:title\" content=\"Career\" \/>\n<meta property=\"og:url\" content=\"https:\/\/www.dbi-services.com\/fr\/career\/\" \/>\n<meta property=\"og:site_name\" content=\"dbi services\" \/>\n<meta property=\"article:publisher\" content=\"https:\/\/www.facebook.com\/dbiservices\/\" \/>\n<meta property=\"article:modified_time\" content=\"2022-05-09T07:04:15+00:00\" \/>\n<meta name=\"twitter:card\" content=\"summary_large_image\" \/>\n<meta name=\"twitter:site\" content=\"@dbiservices\" \/>\n<script type=\"application\/ld+json\" class=\"yoast-schema-graph\">{\"@context\":\"https:\\\/\\\/schema.org\",\"@graph\":[{\"@type\":\"WebPage\",\"@id\":\"https:\\\/\\\/www.dbi-services.com\\\/fr\\\/career\\\/\",\"url\":\"https:\\\/\\\/www.dbi-services.com\\\/fr\\\/career\\\/\",\"name\":\"Career - dbi services\",\"isPartOf\":{\"@id\":\"https:\\\/\\\/www.dbi-services.com\\\/fr\\\/#website\"},\"datePublished\":\"2021-12-23T14:55:38+00:00\",\"dateModified\":\"2022-05-09T07:04:15+00:00\",\"breadcrumb\":{\"@id\":\"https:\\\/\\\/www.dbi-services.com\\\/fr\\\/career\\\/#breadcrumb\"},\"inLanguage\":\"fr-FR\",\"potentialAction\":[{\"@type\":\"ReadAction\",\"target\":[\"https:\\\/\\\/www.dbi-services.com\\\/fr\\\/career\\\/\"]}]},{\"@type\":\"BreadcrumbList\",\"@id\":\"https:\\\/\\\/www.dbi-services.com\\\/fr\\\/career\\\/#breadcrumb\",\"itemListElement\":[{\"@type\":\"ListItem\",\"position\":1,\"name\":\"Home\",\"item\":\"https:\\\/\\\/www.dbi-services.com\\\/fr\\\/\"},{\"@type\":\"ListItem\",\"position\":2,\"name\":\"Career\"}]},{\"@type\":\"WebSite\",\"@id\":\"https:\\\/\\\/www.dbi-services.com\\\/fr\\\/#website\",\"url\":\"https:\\\/\\\/www.dbi-services.com\\\/fr\\\/\",\"name\":\"dbi services\",\"description\":\"\",\"publisher\":{\"@id\":\"https:\\\/\\\/www.dbi-services.com\\\/fr\\\/#organization\"},\"potentialAction\":[{\"@type\":\"SearchAction\",\"target\":{\"@type\":\"EntryPoint\",\"urlTemplate\":\"https:\\\/\\\/www.dbi-services.com\\\/fr\\\/?s={search_term_string}\"},\"query-input\":{\"@type\":\"PropertyValueSpecification\",\"valueRequired\":true,\"valueName\":\"search_term_string\"}}],\"inLanguage\":\"fr-FR\"},{\"@type\":\"Organization\",\"@id\":\"https:\\\/\\\/www.dbi-services.com\\\/fr\\\/#organization\",\"name\":\"dbi services\",\"alternateName\":\"dbi services\",\"url\":\"https:\\\/\\\/www.dbi-services.com\\\/fr\\\/\",\"logo\":{\"@type\":\"ImageObject\",\"inLanguage\":\"fr-FR\",\"@id\":\"https:\\\/\\\/www.dbi-services.com\\\/fr\\\/#\\\/schema\\\/logo\\\/image\\\/\",\"url\":\"https:\\\/\\\/www.dbi-services.com\\\/wp-content\\\/uploads\\\/2023\\\/06\\\/dbi-services-by-sequotech-01-1.png\",\"contentUrl\":\"https:\\\/\\\/www.dbi-services.com\\\/wp-content\\\/uploads\\\/2023\\\/06\\\/dbi-services-by-sequotech-01-1.png\",\"width\":3230,\"height\":1100,\"caption\":\"dbi services\"},\"image\":{\"@id\":\"https:\\\/\\\/www.dbi-services.com\\\/fr\\\/#\\\/schema\\\/logo\\\/image\\\/\"},\"sameAs\":[\"https:\\\/\\\/www.facebook.com\\\/dbiservices\\\/\",\"https:\\\/\\\/x.com\\\/dbiservices\",\"https:\\\/\\\/www.linkedin.com\\\/company\\\/dbi-services\\\/\",\"https:\\\/\\\/www.youtube.com\\\/user\\\/dbiservices\"]}]}<\/script>\n<!-- \/ Yoast SEO Premium plugin. -->","yoast_head_json":{"title":"Career - dbi services","robots":{"index":"index","follow":"follow","max-snippet":"max-snippet:-1","max-image-preview":"max-image-preview:large","max-video-preview":"max-video-preview:-1"},"canonical":"https:\/\/www.dbi-services.com\/fr\/career\/","og_locale":"fr_FR","og_type":"article","og_title":"Career","og_url":"https:\/\/www.dbi-services.com\/fr\/career\/","og_site_name":"dbi services","article_publisher":"https:\/\/www.facebook.com\/dbiservices\/","article_modified_time":"2022-05-09T07:04:15+00:00","twitter_card":"summary_large_image","twitter_site":"@dbiservices","schema":{"@context":"https:\/\/schema.org","@graph":[{"@type":"WebPage","@id":"https:\/\/www.dbi-services.com\/fr\/career\/","url":"https:\/\/www.dbi-services.com\/fr\/career\/","name":"Career - dbi services","isPartOf":{"@id":"https:\/\/www.dbi-services.com\/fr\/#website"},"datePublished":"2021-12-23T14:55:38+00:00","dateModified":"2022-05-09T07:04:15+00:00","breadcrumb":{"@id":"https:\/\/www.dbi-services.com\/fr\/career\/#breadcrumb"},"inLanguage":"fr-FR","potentialAction":[{"@type":"ReadAction","target":["https:\/\/www.dbi-services.com\/fr\/career\/"]}]},{"@type":"BreadcrumbList","@id":"https:\/\/www.dbi-services.com\/fr\/career\/#breadcrumb","itemListElement":[{"@type":"ListItem","position":1,"name":"Home","item":"https:\/\/www.dbi-services.com\/fr\/"},{"@type":"ListItem","position":2,"name":"Career"}]},{"@type":"WebSite","@id":"https:\/\/www.dbi-services.com\/fr\/#website","url":"https:\/\/www.dbi-services.com\/fr\/","name":"dbi services","description":"","publisher":{"@id":"https:\/\/www.dbi-services.com\/fr\/#organization"},"potentialAction":[{"@type":"SearchAction","target":{"@type":"EntryPoint","urlTemplate":"https:\/\/www.dbi-services.com\/fr\/?s={search_term_string}"},"query-input":{"@type":"PropertyValueSpecification","valueRequired":true,"valueName":"search_term_string"}}],"inLanguage":"fr-FR"},{"@type":"Organization","@id":"https:\/\/www.dbi-services.com\/fr\/#organization","name":"dbi services","alternateName":"dbi services","url":"https:\/\/www.dbi-services.com\/fr\/","logo":{"@type":"ImageObject","inLanguage":"fr-FR","@id":"https:\/\/www.dbi-services.com\/fr\/#\/schema\/logo\/image\/","url":"https:\/\/www.dbi-services.com\/wp-content\/uploads\/2023\/06\/dbi-services-by-sequotech-01-1.png","contentUrl":"https:\/\/www.dbi-services.com\/wp-content\/uploads\/2023\/06\/dbi-services-by-sequotech-01-1.png","width":3230,"height":1100,"caption":"dbi services"},"image":{"@id":"https:\/\/www.dbi-services.com\/fr\/#\/schema\/logo\/image\/"},"sameAs":["https:\/\/www.facebook.com\/dbiservices\/","https:\/\/x.com\/dbiservices","https:\/\/www.linkedin.com\/company\/dbi-services\/","https:\/\/www.youtube.com\/user\/dbiservices"]}]}},"_links":{"self":[{"href":"https:\/\/www.dbi-services.com\/fr\/wp-json\/wp\/v2\/pages\/115","targetHints":{"allow":["GET"]}}],"collection":[{"href":"https:\/\/www.dbi-services.com\/fr\/wp-json\/wp\/v2\/pages"}],"about":[{"href":"https:\/\/www.dbi-services.com\/fr\/wp-json\/wp\/v2\/types\/page"}],"author":[{"embeddable":true,"href":"https:\/\/www.dbi-services.com\/fr\/wp-json\/wp\/v2\/users\/1"}],"replies":[{"embeddable":true,"href":"https:\/\/www.dbi-services.com\/fr\/wp-json\/wp\/v2\/comments?post=115"}],"version-history":[{"count":4,"href":"https:\/\/www.dbi-services.com\/fr\/wp-json\/wp\/v2\/pages\/115\/revisions"}],"predecessor-version":[{"id":4504,"href":"https:\/\/www.dbi-services.com\/fr\/wp-json\/wp\/v2\/pages\/115\/revisions\/4504"}],"wp:attachment":[{"href":"https:\/\/www.dbi-services.com\/fr\/wp-json\/wp\/v2\/media?parent=115"}],"wp:term":[{"taxonomy":"location","embeddable":true,"href":"https:\/\/www.dbi-services.com\/fr\/wp-json\/wp\/v2\/location?post=115"}],"curies":[{"name":"wp","href":"https:\/\/api.w.org\/{rel}","templated":true}]}}