{"id":105,"date":"2021-12-23T15:50:04","date_gmt":"2021-12-23T14:50:04","guid":{"rendered":"https:\/\/www.dbi-services.com\/?page_id=105"},"modified":"2023-08-21T16:01:02","modified_gmt":"2023-08-21T14:01:02","slug":"accueil","status":"publish","type":"page","link":"https:\/\/www.dbi-services.com\/fr\/","title":{"rendered":"Accueil"},"content":{"rendered":"\n\n<section id=\"un-conseil-sur-mesure\" class=\"post-section   \"><div class=\"section-wrapper\"><h2>Un conseil sur mesure<\/h2><p>Vos projets sont au centre de nos pr\u00e9occupations. C\u2019est pourquoi nous vous garantissons un conseil ind\u00e9pendant quelle que soit la technologie et mettons tout en oeuvre pour que nos sp\u00e9cialistes maintiennent un haut niveau de certification. Nos partenariats avec des \u00e9diteurs tels que <strong>AWS<\/strong>, <strong>Oracle <\/strong>et <strong>Microsoft <\/strong>nous permettent d&rsquo;\u00eatre toujours \u00e0 la pointe de l&rsquo;innovation.<\/p><div class=\"content-section\">\n\n<p><\/p>\n\n<\/div><\/div><\/section>\n\n<section id=\"nos-clients-parlent-de-nous\" class=\"post-section   \"><div class=\"section-wrapper\"><h2>Nos clients parlent de nous<\/h2><p>Nous aimons travailler pour nos clients et ils nous le rendent bien.<br>D\u00e9couvrez ce qu&rsquo;ils disent de dbi services et comment nous les avons aid\u00e9s \u00e0 relever leurs d\u00e9fis.<\/p><\/div><\/section>\n\n<section id=\"delivery-manager-et-consultante\" class=\"post-section   \"><div class=\"section-wrapper\"><h3>Elisa Usai<\/h3><h2>Delivery Manager et Consultante<\/h2><p><em>Ce que j\u2019appr\u00e9cie le plus chez dbi services, c&rsquo;est la possibilit\u00e9 que j\u2019ai d&rsquo;apprendre chaque jour et d\u2019\u00e9voluer au travers des missions de consulting pour divers clients ainsi qu\u2019en participant \u00e0 des conf\u00e9rences, des \u00e9v\u00e9nements et des formations. En tant que maman, j&rsquo;appr\u00e9cie \u00e9galement l&rsquo;excellent \u00e9quilibre entre vie professionnelle et vie priv\u00e9e dont je b\u00e9n\u00e9ficie en tant que Delivery Manager et consultante.<\/em><\/p><\/div><\/section>","protected":false},"excerpt":{"rendered":"","protected":false},"author":1,"featured_media":0,"parent":0,"menu_order":0,"comment_status":"closed","ping_status":"closed","template":"","meta":{"_acf_changed":false,"footnotes":""},"location":[],"class_list":["post-105","page","type-page","status-publish","hentry"],"acf":[],"yoast_head":"<!-- This site is optimized with the Yoast SEO Premium plugin v27.2 (Yoast SEO v27.2) - https:\/\/yoast.com\/product\/yoast-seo-premium-wordpress\/ -->\n<title>Accueil - dbi services<\/title>\n<meta name=\"robots\" content=\"index, follow, max-snippet:-1, max-image-preview:large, max-video-preview:-1\" \/>\n<link rel=\"canonical\" href=\"https:\/\/www.dbi-services.com\/fr\/\" \/>\n<meta property=\"og:locale\" content=\"fr_FR\" \/>\n<meta property=\"og:type\" content=\"article\" \/>\n<meta property=\"og:title\" content=\"Accueil\" \/>\n<meta property=\"og:url\" content=\"https:\/\/www.dbi-services.com\/fr\/\" \/>\n<meta property=\"og:site_name\" content=\"dbi services\" \/>\n<meta property=\"article:publisher\" content=\"https:\/\/www.facebook.com\/dbiservices\/\" \/>\n<meta property=\"article:modified_time\" content=\"2023-08-21T14:01:02+00:00\" \/>\n<meta name=\"twitter:card\" content=\"summary_large_image\" \/>\n<meta name=\"twitter:site\" content=\"@dbiservices\" \/>\n<script type=\"application\/ld+json\" class=\"yoast-schema-graph\">{\"@context\":\"https:\/\/schema.org\",\"@graph\":[{\"@type\":\"WebPage\",\"@id\":\"https:\/\/www.dbi-services.com\/fr\/\",\"url\":\"https:\/\/www.dbi-services.com\/fr\/\",\"name\":\"Accueil - dbi services\",\"isPartOf\":{\"@id\":\"https:\/\/www.dbi-services.com\/fr\/#website\"},\"datePublished\":\"2021-12-23T14:50:04+00:00\",\"dateModified\":\"2023-08-21T14:01:02+00:00\",\"breadcrumb\":{\"@id\":\"https:\/\/www.dbi-services.com\/fr\/#breadcrumb\"},\"inLanguage\":\"fr-FR\",\"potentialAction\":[{\"@type\":\"ReadAction\",\"target\":[\"https:\/\/www.dbi-services.com\/fr\/\"]}]},{\"@type\":\"BreadcrumbList\",\"@id\":\"https:\/\/www.dbi-services.com\/fr\/#breadcrumb\",\"itemListElement\":[{\"@type\":\"ListItem\",\"position\":1,\"name\":\"Home\",\"item\":\"https:\/\/www.dbi-services.com\/fr\/\"},{\"@type\":\"ListItem\",\"position\":2,\"name\":\"Accueil\"}]},{\"@type\":\"WebSite\",\"@id\":\"https:\/\/www.dbi-services.com\/fr\/#website\",\"url\":\"https:\/\/www.dbi-services.com\/fr\/\",\"name\":\"dbi services\",\"description\":\"\",\"publisher\":{\"@id\":\"https:\/\/www.dbi-services.com\/fr\/#organization\"},\"potentialAction\":[{\"@type\":\"SearchAction\",\"target\":{\"@type\":\"EntryPoint\",\"urlTemplate\":\"https:\/\/www.dbi-services.com\/fr\/?s={search_term_string}\"},\"query-input\":{\"@type\":\"PropertyValueSpecification\",\"valueRequired\":true,\"valueName\":\"search_term_string\"}}],\"inLanguage\":\"fr-FR\"},{\"@type\":\"Organization\",\"@id\":\"https:\/\/www.dbi-services.com\/fr\/#organization\",\"name\":\"dbi services\",\"alternateName\":\"dbi services\",\"url\":\"https:\/\/www.dbi-services.com\/fr\/\",\"logo\":{\"@type\":\"ImageObject\",\"inLanguage\":\"fr-FR\",\"@id\":\"https:\/\/www.dbi-services.com\/fr\/#\/schema\/logo\/image\/\",\"url\":\"https:\/\/www.dbi-services.com\/wp-content\/uploads\/2023\/06\/dbi-services-by-sequotech-01-1.png\",\"contentUrl\":\"https:\/\/www.dbi-services.com\/wp-content\/uploads\/2023\/06\/dbi-services-by-sequotech-01-1.png\",\"width\":3230,\"height\":1100,\"caption\":\"dbi services\"},\"image\":{\"@id\":\"https:\/\/www.dbi-services.com\/fr\/#\/schema\/logo\/image\/\"},\"sameAs\":[\"https:\/\/www.facebook.com\/dbiservices\/\",\"https:\/\/x.com\/dbiservices\",\"https:\/\/www.linkedin.com\/company\/dbi-services\/\",\"https:\/\/www.youtube.com\/user\/dbiservices\"]}]}<\/script>\n<!-- \/ Yoast SEO Premium plugin. -->","yoast_head_json":{"title":"Accueil - dbi services","robots":{"index":"index","follow":"follow","max-snippet":"max-snippet:-1","max-image-preview":"max-image-preview:large","max-video-preview":"max-video-preview:-1"},"canonical":"https:\/\/www.dbi-services.com\/fr\/","og_locale":"fr_FR","og_type":"article","og_title":"Accueil","og_url":"https:\/\/www.dbi-services.com\/fr\/","og_site_name":"dbi services","article_publisher":"https:\/\/www.facebook.com\/dbiservices\/","article_modified_time":"2023-08-21T14:01:02+00:00","twitter_card":"summary_large_image","twitter_site":"@dbiservices","schema":{"@context":"https:\/\/schema.org","@graph":[{"@type":"WebPage","@id":"https:\/\/www.dbi-services.com\/fr\/","url":"https:\/\/www.dbi-services.com\/fr\/","name":"Accueil - dbi services","isPartOf":{"@id":"https:\/\/www.dbi-services.com\/fr\/#website"},"datePublished":"2021-12-23T14:50:04+00:00","dateModified":"2023-08-21T14:01:02+00:00","breadcrumb":{"@id":"https:\/\/www.dbi-services.com\/fr\/#breadcrumb"},"inLanguage":"fr-FR","potentialAction":[{"@type":"ReadAction","target":["https:\/\/www.dbi-services.com\/fr\/"]}]},{"@type":"BreadcrumbList","@id":"https:\/\/www.dbi-services.com\/fr\/#breadcrumb","itemListElement":[{"@type":"ListItem","position":1,"name":"Home","item":"https:\/\/www.dbi-services.com\/fr\/"},{"@type":"ListItem","position":2,"name":"Accueil"}]},{"@type":"WebSite","@id":"https:\/\/www.dbi-services.com\/fr\/#website","url":"https:\/\/www.dbi-services.com\/fr\/","name":"dbi services","description":"","publisher":{"@id":"https:\/\/www.dbi-services.com\/fr\/#organization"},"potentialAction":[{"@type":"SearchAction","target":{"@type":"EntryPoint","urlTemplate":"https:\/\/www.dbi-services.com\/fr\/?s={search_term_string}"},"query-input":{"@type":"PropertyValueSpecification","valueRequired":true,"valueName":"search_term_string"}}],"inLanguage":"fr-FR"},{"@type":"Organization","@id":"https:\/\/www.dbi-services.com\/fr\/#organization","name":"dbi services","alternateName":"dbi services","url":"https:\/\/www.dbi-services.com\/fr\/","logo":{"@type":"ImageObject","inLanguage":"fr-FR","@id":"https:\/\/www.dbi-services.com\/fr\/#\/schema\/logo\/image\/","url":"https:\/\/www.dbi-services.com\/wp-content\/uploads\/2023\/06\/dbi-services-by-sequotech-01-1.png","contentUrl":"https:\/\/www.dbi-services.com\/wp-content\/uploads\/2023\/06\/dbi-services-by-sequotech-01-1.png","width":3230,"height":1100,"caption":"dbi services"},"image":{"@id":"https:\/\/www.dbi-services.com\/fr\/#\/schema\/logo\/image\/"},"sameAs":["https:\/\/www.facebook.com\/dbiservices\/","https:\/\/x.com\/dbiservices","https:\/\/www.linkedin.com\/company\/dbi-services\/","https:\/\/www.youtube.com\/user\/dbiservices"]}]}},"_links":{"self":[{"href":"https:\/\/www.dbi-services.com\/fr\/wp-json\/wp\/v2\/pages\/105","targetHints":{"allow":["GET"]}}],"collection":[{"href":"https:\/\/www.dbi-services.com\/fr\/wp-json\/wp\/v2\/pages"}],"about":[{"href":"https:\/\/www.dbi-services.com\/fr\/wp-json\/wp\/v2\/types\/page"}],"author":[{"embeddable":true,"href":"https:\/\/www.dbi-services.com\/fr\/wp-json\/wp\/v2\/users\/1"}],"replies":[{"embeddable":true,"href":"https:\/\/www.dbi-services.com\/fr\/wp-json\/wp\/v2\/comments?post=105"}],"version-history":[{"count":15,"href":"https:\/\/www.dbi-services.com\/fr\/wp-json\/wp\/v2\/pages\/105\/revisions"}],"predecessor-version":[{"id":5452,"href":"https:\/\/www.dbi-services.com\/fr\/wp-json\/wp\/v2\/pages\/105\/revisions\/5452"}],"wp:attachment":[{"href":"https:\/\/www.dbi-services.com\/fr\/wp-json\/wp\/v2\/media?parent=105"}],"wp:term":[{"taxonomy":"location","embeddable":true,"href":"https:\/\/www.dbi-services.com\/fr\/wp-json\/wp\/v2\/location?post=105"}],"curies":[{"name":"wp","href":"https:\/\/api.w.org\/{rel}","templated":true}]}}