{"id":5409,"date":"2023-08-14T15:19:11","date_gmt":"2023-08-14T13:19:11","guid":{"rendered":"https:\/\/www.dbi-services.com\/datenschutzbestimmungen\/"},"modified":"2025-05-12T15:03:47","modified_gmt":"2025-05-12T13:03:47","slug":"datenschutzbestimmungen","status":"publish","type":"page","link":"https:\/\/www.dbi-services.com\/de\/datenschutzbestimmungen\/","title":{"rendered":"Datenschutzerkl\u00e4rung"},"content":{"rendered":"\n\n<section id=\"strongwer-ist-verantwortlich-fr-die-kontrolle-der-gesammelten-datenstrong\" class=\"post-section   \"><div class=\"section-wrapper\"><h2><strong>Wer ist verantwortlich f\u00fcr die Kontrolle der gesammelten Daten?<\/strong><\/h2><p>Verantwortlich f\u00fcr die Datenverarbeitung ist dbi services SA, eine Gesellschaft mit beschr\u00e4nkter Haftung nach schweizerischem Recht (UID CHE-115.853.816). Unser Hauptsitz befindet sich an der Rue de la Jeunesse 2, 2800 Del\u00e9mont.<br><br>Wenn Sie Fragen zu dieser Erkl\u00e4rung haben, kontaktieren Sie uns bitte unter der folgenden E-Mail-Adresse: <a href=\"mailto:dpo@dbi-services.com\">dpo@dbi-services.com<\/a>.<\/p><div class=\"content-section\">\n\n<p><\/p>\n\n<\/div><\/div><\/section>\n\n<section id=\"strongwelche-persnlichen-daten-werden-gesammelt-und-zu-welchem-zweckstrong\" class=\"post-section   \"><div class=\"section-wrapper\"><h2><strong>Welche pers\u00f6nlichen Daten werden gesammelt und zu welchem Zweck?<\/strong><\/h2><p>Wir wenden das Prinzip der Minimierung personenbezogener Daten an und verarbeiten nur die Daten, die f\u00fcr die verfolgten Zwecke notwendig sind. In dieser Hinsicht k\u00f6nnen die von uns verarbeiteten pers\u00f6nlichen Daten sowie ihre Zwecke wie folgt zusammengefasst werden:<\/p><div class=\"content-section\">\n\n<figure class=\"wp-block-table\"><table><thead><tr><th><strong><strong>Kontext<\/strong><\/strong><\/th><th><strong><strong>Datenkategorien<\/strong><\/strong><\/th><th><strong><strong>Zwecke<\/strong><\/strong><\/th><\/tr><\/thead><tbody><tr><td><strong>Wenn Sie unsere Website besuchen<\/strong><\/td><td>&#8211; Verkehrsdaten<br><br>&#8211; Standortdaten<br><br>&#8211; Umfrageinhalte<br><br>&#8211; Cookies (siehe Info)<\/td><td>&#8211; Sicherstellung der ordnungsgem\u00e4ssen Funktion und Ergonomie der Website.<br><br>&#8211; Personalisierung, Entwicklung und Verbesserung des Inhalts und der Dienste der Website basierend auf Ihren Pr\u00e4ferenzen.<br><br>&#8211; Bereitstellung zus\u00e4tzlicher Dienste, wie z.B. Newsletter, Informationen \u00fcber bevorstehende Veranstaltungen oder interaktive Ereignisse.<\/td><\/tr><tr><td><strong>Wenn Sie sich auf eine Stelle bewerben<\/strong><\/td><td>&#8211; Identifikationsdaten (Vorname, Nachname, Unternehmen) <br><br>&#8211; Kontaktinformationen (Telefonnummer, E-Mail- und Postadresse) <br><br>&#8211; Lebenslaufdaten (Lebenslauf, Diplome, Zertifikate)<\/td><td>&#8211; Bearbeitung Ihrer Bewerbung.<br><br>&#8211; \u00dcbermittlung Ihrer Daten an Unternehmen der Gruppe.<\/td><\/tr><tr><td><strong><strong>Wenn Sie Kontakt mit uns aufnehmen<\/strong><\/strong><\/td><td>&#8211; Identifikationsdaten (Vorname, Nachname, Unternehmen) <br><br>&#8211; Kontaktinformationen (Telefonnummer, E-Mail-Adresse) <br><br>&#8211; Ihre Korrespondenz und beigef\u00fcgte Dokumente.<\/td><td>&#8211; Bearbeitung Ihrer Anfragen und Ihrer Korrespondenz.<\/td><\/tr><tr><td><strong>Wenn Sie mit uns \u00fcber soziale Netzwerke interagieren (LinkedIn, X)<\/strong><\/td><td>&#8211; Identifikationsdaten (Vorname, Nachname, Unternehmen, Benutzername) <br><br>&#8211; Kontaktinformationen (E-Mail-Adresse) <br><br>&#8211; Daten, die Sie auf sozialen Netzwerken teilen<\/td><td>&#8211; Bearbeitung Ihrer Anfragen und Interaktionen. <br><br>&#8211; Sicherstellung unserer Kommunikation und Sie \u00fcber unsere Aktivit\u00e4ten informiert halten.<\/td><\/tr><tr><td><strong>Wenn Sie unseren Newsletter abonnieren<\/strong><\/td><td>&#8211; Kontaktinformationen (Telefonnummer, E-Mail- und Postadresse)<\/td><td>&#8211; Keep you informed about our services and activities.<\/td><\/tr><\/tbody><\/table><\/figure>\n\n<\/div><\/div><\/section>\n\n<section id=\"cookies\" class=\"post-section   \"><div class=\"section-wrapper\"><h2>Cookies<\/h2><p>Diese Website verwendet Cookies, um Ihre Erfahrung zu verbessern, wenn Sie auf der Website navigieren. Von diesen Cookies werden die als notwendig eingestuften auf Ihrem Browser gespeichert, da sie f\u00fcr das Funktionieren der grundlegenden Funktionen der Website wesentlich sind. Wir verwenden auch Cookies von Drittanbietern, die uns helfen zu analysieren und zu verstehen, wie Sie diese Website verwenden. Diese Cookies werden nur mit Ihrer Zustimmung in Ihrem Browser gespeichert. Sie haben auch die M\u00f6glichkeit, diese Cookies abzulehnen. Das Ablehnen einiger dieser Cookies kann jedoch Ihre Browser-Erfahrung beeintr\u00e4chtigen.<br><br>&#8211; <strong>Notwendige Cookies:<\/strong> Notwendige Cookies sind f\u00fcr das reibungslose Funktionieren der Website absolut essenziell. Diese Cookies gew\u00e4hrleisten die grundlegenden Funktionen und Sicherheitsmerkmale der Website auf anonyme Weise.<br><br>&#8211; <strong>Funktionale Cookies:<\/strong> Sie erm\u00f6glichen es uns, die Website funktionst\u00fcchtig zu halten und sie benutzerfreundlicher f\u00fcr Besucher zu gestalten. Diese Cookies werden nur in Ihrem Browser gespeichert, wenn Sie Ihre ausdr\u00fcckliche Zustimmung geben, indem Sie ihre Aktivierung w\u00e4hlen.<br><br>&#8211; <strong>Leistungs-Cookies:<\/strong> Leistungs-Cookies werden verwendet, um die wichtigsten Leistungsindikatoren der Website zu verstehen und zu analysieren, was dazu beitr\u00e4gt, Besuchern eine bessere Benutzererfahrung zu bieten. Diese Cookies werden nur in Ihrem Browser gespeichert, wenn Sie Ihre ausdr\u00fcckliche Zustimmung geben, indem Sie ihre Aktivierung w\u00e4hlen.<br><br>&#8211; <strong>Analytics:<\/strong> Analytische Cookies werden verwendet, um zu verstehen, wie Besucher mit der Website interagieren. Diese Cookies helfen, Informationen \u00fcber Metriken wie Besucheranzahl, Absprungrate, Verkehrsquelle usw. zu liefern. Diese Cookies werden nur in Ihrem Browser gespeichert, wenn Sie Ihre ausdr\u00fcckliche Zustimmung geben, indem Sie ihre Aktivierung w\u00e4hlen.<br><br>&#8211; <strong>Werbung:<\/strong> Werbe-Cookies werden verwendet, um Besuchern relevante Anzeigen und Marketingkampagnen zu bieten. Diese Cookies verfolgen Besucher \u00fcber Websites hinweg und sammeln Informationen, um personalisierte Anzeigen bereitzustellen. Diese Cookies werden nur in Ihrem Browser gespeichert, wenn Sie Ihre ausdr\u00fcckliche Zustimmung geben, indem Sie ihre Aktivierung w\u00e4hlen.<br><br>&#8211; <strong>Andere:<\/strong> Andere nicht kategorisierte Cookies sind solche, die analysiert wurden und noch keiner Kategorie zugeordnet sind. Diese Cookies werden nur in Ihrem Browser gespeichert, wenn Sie Ihre ausdr\u00fcckliche Zustimmung geben, indem Sie ihre Aktivierung w\u00e4hlen.<br><br>Insbesondere verwenden wir auf der Website die folgenden Cookies:<br><\/p><div class=\"content-section\">\n\n<figure class=\"wp-block-table\"><table><thead><tr><th>Name<\/th><th><strong>Dauer<\/strong><\/th><th><strong>Beschreibung<\/strong><\/th><th><strong>Nutzung<\/strong><\/th><\/tr><\/thead><tbody><tr><td>cf_use_ob<\/td><td>vergangen<\/td><td>Cloudflare setzt dieses Cookie, um die Ladezeiten von Webseiten zu optimieren und Sicherheitsbeschr\u00e4nkungen zu implementieren.<\/td><td>Immer aktiv<\/td><\/tr><tr><td>cookielawinfo-checkbox-advertisement<\/td><td>1 Jahr<\/td><td>Installiert durch das GDPR Cookie Consent Plugin, wird es verwendet, um die Zustimmung des Benutzers f\u00fcr Cookies in der Kategorie &#8222;Werbung&#8220; zu speichern.<\/td><td>Deaktiviert<\/td><\/tr><tr><td>cookielawinfo-checkbox-analytics<\/td><td>11 Monate<\/td><td>Dieses Cookie wird durch das GDPR Cookie Consent Plugin installiert. Es dient dazu, die Zustimmung des Benutzers f\u00fcr Cookies in der Kategorie &#8222;Analytics&#8220; zu speichern.<\/td><td>Deaktiviert<\/td><\/tr><tr><td>cookielawinfo-checkbox-functional<\/td><td>11 Monate<\/td><td>Dieses Cookie wird durch das GDPR Cookie Consent Plugin installiert. Es dient dazu, die Zustimmung des Benutzers f\u00fcr Cookies in der Kategorie &#8222;Funktional&#8220; zu speichern.<\/td><td>Deaktiviert<\/td><\/tr><tr><td>cookielawinfo-checkbox-necessary<\/td><td>11 Monate<\/td><td>Dieses Cookie wird durch das GDPR Cookie Consent Plugin installiert. Es dient dazu, die Zustimmung des Benutzers f\u00fcr Cookies in der Kategorie &#8222;Notwendig&#8220; zu speichern.<\/td><td>Deaktiviert<\/td><\/tr><tr><td>cookielawinfo-checkbox-others<\/td><td>11 Monate<\/td><td>Dieses Cookie wird durch das GDPR Cookie Consent Plugin installiert. Es dient dazu, die Zustimmung des Benutzers f\u00fcr Cookies in der Kategorie &#8222;Andere&#8220; zu speichern.<\/td><td>Deaktiviert<\/td><\/tr><tr><td>cookielawinfo-checkbox-performance<\/td><td>11 Monate<\/td><td>Dieses Cookie wird durch das GDPR Cookie Consent Plugin installiert. Es dient dazu, die Zustimmung des Benutzers f\u00fcr Cookies in der Kategorie &#8222;Performance&#8220; zu speichern.<\/td><td>Deaktiviert<\/td><\/tr><tr><td>CookieLawInfoConsent<\/td><td>1 Jahr<\/td><td>Speichert den Standardzustand des Zustimmungsbuttons der entsprechenden Kategorie und den Status des CCPA. Es funktioniert in Koordination mit dem Haupt-Cookie-Plugin.<\/td><td>Deaktiviert<\/td><\/tr><tr><td>viewed_cookie_policy<\/td><td>11 Monate<\/td><td>Dieses Cookie wird durch das GDPR Cookie Consent Plugin installiert und verwendet, um die Zustimmung des Benutzers zur Nutzung oder Nicht-Nutzung von Cookies zu speichern. Es speichert keine pers\u00f6nlichen Daten.<\/td><td>Deaktiviert<\/td><\/tr><tr><td>_pk_id.1.3dc2<\/td><td>1 Jahr 27 Tage<\/td><td>Keine Beschreibung<\/td><td>Deaktiviert<\/td><\/tr><tr><td>_pk_ses.1.3dc2<\/td><td>30 minuten&nbsp;&nbsp;&nbsp;&nbsp;&nbsp;&nbsp;&nbsp;<\/td><td>Keine Beschreibung<\/td><td>Deaktiviert<\/td><\/tr><tr><td>wp-wpml_current_language<\/td><td>Sitzung<\/td><td>Dieses Cookie wird verwendet, um die Sprache der Website, die Sie gerade besuchen, zu erkennen.<\/td><td>Deaktiviert<\/td><\/tr><\/tbody><\/table><\/figure>\n\n<\/div><\/div><\/section>\n\n<section id=\"strongblockieren-und-lschen-von-cookiesstrong\" class=\"post-section   \"><div class=\"section-wrapper\"><h2><strong>Blockieren und L\u00f6schen von Cookies<\/strong><\/h2><p>Sofern Sie Ihren Browser nicht so eingestellt haben, dass Cookies abgelehnt werden, wird unser System Cookies ausgeben, jedes Mal wenn Sie die Website aufrufen. Sie k\u00f6nnen Ihre Pr\u00e4ferenzen jederzeit im Cookie-Verwaltungsbereich einstellen.<br><br>Sie k\u00f6nnen Cookies auch jederzeit leicht selbst blockieren und l\u00f6schen \u00fcber Ihren Browser oder diesen so konfigurieren, dass Sie eine Nachricht erhalten, wenn ein Cookie installiert wird. Sie k\u00f6nnen auch angeben, dass bestimmte Cookies nicht installiert werden d\u00fcrfen. Bitte konsultieren Sie dazu die Hilfefunktion Ihres Browsers.<br><br>Wenn Sie die Cookies in Ihrem Browser l\u00f6schen, kann dies Auswirkungen auf die Nutzung unserer Website haben. Bitte beachten Sie, dass wir, wenn Sie keine Cookies w\u00fcnschen, nicht mehr die korrekte Funktionsweise unserer Website garantieren k\u00f6nnen. Einige Funktionen der Website k\u00f6nnen dadurch beeintr\u00e4chtigt werden.<\/p><\/div><\/section>\n\n<section id=\"strongempfnger-der-datenstrong\" class=\"post-section   \"><div class=\"section-wrapper\"><h2><strong>Empf\u00e4nger der Daten<\/strong><\/h2><p>Um Ihnen die Website bereitzustellen, deren ordnungsgem\u00e4sse Funktion sicherzustellen und die zug\u00e4nglichen Dienste zu liefern, kann es manchmal notwendig sein, Ihre personenbezogenen Daten an Dritte weiterzugeben, insbesondere:<br><br><strong>&#8211; an Lieferanten, Dienstleister und Beauftragte:<\/strong> Gelegentlich k\u00f6nnen wir andere Unternehmen oder Personen beauftragen, insbesondere als Subunternehmer, um Inhalte zu liefern und Dienstleistungen in unserem Namen auszuf\u00fchren (zum Beispiel um den Inhalt der Website zu hosten, bestimmte Dienstleistungen der Website zu erbringen, Forschung durchzuf\u00fchren, den Status unseres Netzwerks zu \u00fcberwachen und die Effektivit\u00e4t unserer Kommunikation zu analysieren, etc.);<br><br>&#8211; <strong>an alle Entit\u00e4ten der Sequotech-Gruppe:<\/strong> zu der dbi services geh\u00f6rt, einschliesslich ihrer Lieferanten, Dienstleister und Beauftragten, die in die Bereitstellung der Website oder ihrer Dienste oder Inhalte einbezogen sein k\u00f6nnen.<\/p><div class=\"content-section\">\n\n<p><\/p>\n\n<\/div><\/div><\/section>\n\n<section id=\"brstronginternationale-bertragungenstrong\" class=\"post-section   \"><div class=\"section-wrapper\"><h2><br><strong>Internationale \u00dcbertragungen<\/strong><\/h2><p>Mit Ausnahme der Daten, die von Google Analytics, YouTube &amp; Microsoft Clarity in den Vereinigten Staaten verarbeitet werden, verarbeiten und hosten wir Ihre pers\u00f6nlichen Daten in der Schweiz oder innerhalb des Europ\u00e4ischen Wirtschaftsraums (EWR) (siehe: Anhang 1 zur Datenschutzerkl\u00e4rung unten).<br><br>F\u00fcr den Fall, dass wir auf einen ausl\u00e4ndischen Dienstleister zur\u00fcckgreifen m\u00fcssen, der sich in einem Land befindet, das kein angemessenes Datenschutzniveau gem\u00e4ss den zust\u00e4ndigen Datenschutzbeh\u00f6rden bietet, werden wir vor jeder \u00dcbermittlung Ihrer Daten ins Ausland die zus\u00e4tzlichen Massnahmen ergreifen, die gesetzlich erforderlich sind, wie beispielsweise die Unterzeichnung von standardm\u00e4ssigen Vertragsklauseln zum Datenschutz.<\/p><\/div><\/section>\n\n<section id=\"strongdatensicherheitstrong\" class=\"post-section   \"><div class=\"section-wrapper\"><h2><strong>Datensicherheit<\/strong><\/h2><p>Es wurden technische und organisatorische Sicherheitsmassnahmen gem\u00e4ss dem Stand der Technik implementiert, unter Ber\u00fccksichtigung der bestehenden Risiken, um Ihre pers\u00f6nlichen Daten gegen zuf\u00e4llige oder vors\u00e4tzliche Manipulation, Verlust, Zerst\u00f6rung, Offenlegung oder unbefugten Zugriff zu sch\u00fctzen.<\/p><\/div><\/section>\n\n<section id=\"stronganwendbares-rechtstrong\" class=\"post-section   \"><div class=\"section-wrapper\"><h2><strong>Anwendbares Recht<\/strong><\/h2><p>Im Rahmen unserer Aktivit\u00e4ten unterliegen wir den Bestimmungen des Bundesgesetzes \u00fcber den Datenschutz (DSG). Die zust\u00e4ndige Aufsichtsbeh\u00f6rde f\u00fcr den Datenschutz ist der Eidgen\u00f6ssische Datenschutz- und \u00d6ffentlichkeitsbeauftragte (ED\u00d6B).<\/p><div class=\"content-section\">\n\n<p><\/p>\n\n<\/div><\/div><\/section>\n\n<section id=\"strongnderungenstrong\" class=\"post-section   \"><div class=\"section-wrapper\"><h2><strong>\u00c4nderungen<\/strong><\/h2><p>Wir k\u00f6nnen diese Erkl\u00e4rung jederzeit ohne Vorank\u00fcndigung aktualisieren. Jede \u00c4nderung der Erkl\u00e4rung wird auf dieser Seite ver\u00f6ffentlicht.<br><br>Die Erkl\u00e4rung tritt am 07.12.2023 in Kraft und ersetzt alle vorherigen Dokumente.<\/p><div class=\"content-section\">\n\n<p><\/p>\n\n<\/div><\/div><\/section>\n\n<section id=\"stronganhang-1strong\" class=\"post-section   \"><div class=\"section-wrapper\"><h2><strong>Anhang 1<\/strong><\/h2><p>Liste der L\u00e4nder, in die Ihre pers\u00f6nlichen Daten \u00fcbermittelt werden k\u00f6nnen<br>&#8211; Vereinigte Staaten von Amerika (<a href=\"https:\/\/policies.google.com\/privacy?hl=en\">Google Analytics<\/a>, <a href=\"https:\/\/policies.google.com\/privacy?hl=en\">YouTube<\/a>, <a href=\"https:\/\/privacy.microsoft.com\/en-US\/privacystatement\">Microsoft Clarity<\/a>)<\/p><div class=\"content-section\">\n\n<p><\/p>\n\n<\/div><\/div><\/section>\n\n<section id=\"kontakt-\" class=\"post-section   \"><div class=\"section-wrapper\"><h2>Kontakt <\/h2><p>E-Mail:\u00a0<a href=\"mailto:dpo@dbi-services.com\">dpo@dbi-services.com<\/a>, dbi services sa, rue de la Jeunesse 2, 2800 Del\u00e9mont, Switzerland<\/p><\/div><\/section>","protected":false},"excerpt":{"rendered":"","protected":false},"author":5,"featured_media":0,"parent":0,"menu_order":0,"comment_status":"closed","ping_status":"closed","template":"page-margin.php","meta":{"_acf_changed":false,"footnotes":""},"location":[],"class_list":["post-5409","page","type-page","status-publish","hentry"],"acf":[],"yoast_head":"<!-- This site is optimized with the Yoast SEO Premium plugin v27.2 (Yoast SEO v27.2) - https:\/\/yoast.com\/product\/yoast-seo-premium-wordpress\/ -->\n<title>Datenschutzerkl\u00e4rung - dbi services<\/title>\n<meta name=\"description\" content=\"This Privacy Statement describes the information we collect from you, how we use that information and our legal basis for doing so. It also covers whether and how that information may be shared and your rights and choices regarding the information you provide to us.\" \/>\n<meta name=\"robots\" content=\"index, follow, max-snippet:-1, max-image-preview:large, max-video-preview:-1\" \/>\n<link rel=\"canonical\" href=\"https:\/\/www.dbi-services.com\/de\/datenschutzbestimmungen\/\" \/>\n<meta property=\"og:locale\" content=\"de_DE\" \/>\n<meta property=\"og:type\" content=\"article\" \/>\n<meta property=\"og:title\" content=\"Datenschutzerkl\u00e4rung\" \/>\n<meta property=\"og:description\" content=\"This Privacy Statement describes the information we collect from you, how we use that information and our legal basis for doing so. It also covers whether and how that information may be shared and your rights and choices regarding the information you provide to us.\" \/>\n<meta property=\"og:url\" content=\"https:\/\/www.dbi-services.com\/de\/datenschutzbestimmungen\/\" \/>\n<meta property=\"og:site_name\" content=\"dbi services\" \/>\n<meta property=\"article:publisher\" content=\"https:\/\/www.facebook.com\/dbiservices\/\" \/>\n<meta property=\"article:modified_time\" content=\"2025-05-12T13:03:47+00:00\" \/>\n<meta name=\"twitter:card\" content=\"summary_large_image\" \/>\n<meta name=\"twitter:site\" content=\"@dbiservices\" \/>\n<script type=\"application\/ld+json\" class=\"yoast-schema-graph\">{\"@context\":\"https:\/\/schema.org\",\"@graph\":[{\"@type\":\"WebPage\",\"@id\":\"https:\/\/www.dbi-services.com\/de\/datenschutzbestimmungen\/\",\"url\":\"https:\/\/www.dbi-services.com\/de\/datenschutzbestimmungen\/\",\"name\":\"Datenschutzerkl\u00e4rung - dbi services\",\"isPartOf\":{\"@id\":\"https:\/\/www.dbi-services.com\/de\/#website\"},\"datePublished\":\"2023-08-14T13:19:11+00:00\",\"dateModified\":\"2025-05-12T13:03:47+00:00\",\"description\":\"This Privacy Statement describes the information we collect from you, how we use that information and our legal basis for doing so. It also covers whether and how that information may be shared and your rights and choices regarding the information you provide to us.\",\"breadcrumb\":{\"@id\":\"https:\/\/www.dbi-services.com\/de\/datenschutzbestimmungen\/#breadcrumb\"},\"inLanguage\":\"de\",\"potentialAction\":[{\"@type\":\"ReadAction\",\"target\":[\"https:\/\/www.dbi-services.com\/de\/datenschutzbestimmungen\/\"]}]},{\"@type\":\"BreadcrumbList\",\"@id\":\"https:\/\/www.dbi-services.com\/de\/datenschutzbestimmungen\/#breadcrumb\",\"itemListElement\":[{\"@type\":\"ListItem\",\"position\":1,\"name\":\"Home\",\"item\":\"https:\/\/www.dbi-services.com\/de\/\"},{\"@type\":\"ListItem\",\"position\":2,\"name\":\"Datenschutzerkl\u00e4rung\"}]},{\"@type\":\"WebSite\",\"@id\":\"https:\/\/www.dbi-services.com\/de\/#website\",\"url\":\"https:\/\/www.dbi-services.com\/de\/\",\"name\":\"dbi services\",\"description\":\"\",\"publisher\":{\"@id\":\"https:\/\/www.dbi-services.com\/de\/#organization\"},\"potentialAction\":[{\"@type\":\"SearchAction\",\"target\":{\"@type\":\"EntryPoint\",\"urlTemplate\":\"https:\/\/www.dbi-services.com\/de\/?s={search_term_string}\"},\"query-input\":{\"@type\":\"PropertyValueSpecification\",\"valueRequired\":true,\"valueName\":\"search_term_string\"}}],\"inLanguage\":\"de\"},{\"@type\":\"Organization\",\"@id\":\"https:\/\/www.dbi-services.com\/de\/#organization\",\"name\":\"dbi services\",\"alternateName\":\"dbi services\",\"url\":\"https:\/\/www.dbi-services.com\/de\/\",\"logo\":{\"@type\":\"ImageObject\",\"inLanguage\":\"de\",\"@id\":\"https:\/\/www.dbi-services.com\/de\/#\/schema\/logo\/image\/\",\"url\":\"https:\/\/www.dbi-services.com\/wp-content\/uploads\/2023\/06\/dbi-services-by-sequotech-01-1.png\",\"contentUrl\":\"https:\/\/www.dbi-services.com\/wp-content\/uploads\/2023\/06\/dbi-services-by-sequotech-01-1.png\",\"width\":3230,\"height\":1100,\"caption\":\"dbi services\"},\"image\":{\"@id\":\"https:\/\/www.dbi-services.com\/de\/#\/schema\/logo\/image\/\"},\"sameAs\":[\"https:\/\/www.facebook.com\/dbiservices\/\",\"https:\/\/x.com\/dbiservices\",\"https:\/\/www.linkedin.com\/company\/dbi-services\/\",\"https:\/\/www.youtube.com\/user\/dbiservices\"]}]}<\/script>\n<!-- \/ Yoast SEO Premium plugin. -->","yoast_head_json":{"title":"Datenschutzerkl\u00e4rung - dbi services","description":"This Privacy Statement describes the information we collect from you, how we use that information and our legal basis for doing so. It also covers whether and how that information may be shared and your rights and choices regarding the information you provide to us.","robots":{"index":"index","follow":"follow","max-snippet":"max-snippet:-1","max-image-preview":"max-image-preview:large","max-video-preview":"max-video-preview:-1"},"canonical":"https:\/\/www.dbi-services.com\/de\/datenschutzbestimmungen\/","og_locale":"de_DE","og_type":"article","og_title":"Datenschutzerkl\u00e4rung","og_description":"This Privacy Statement describes the information we collect from you, how we use that information and our legal basis for doing so. It also covers whether and how that information may be shared and your rights and choices regarding the information you provide to us.","og_url":"https:\/\/www.dbi-services.com\/de\/datenschutzbestimmungen\/","og_site_name":"dbi services","article_publisher":"https:\/\/www.facebook.com\/dbiservices\/","article_modified_time":"2025-05-12T13:03:47+00:00","twitter_card":"summary_large_image","twitter_site":"@dbiservices","schema":{"@context":"https:\/\/schema.org","@graph":[{"@type":"WebPage","@id":"https:\/\/www.dbi-services.com\/de\/datenschutzbestimmungen\/","url":"https:\/\/www.dbi-services.com\/de\/datenschutzbestimmungen\/","name":"Datenschutzerkl\u00e4rung - dbi services","isPartOf":{"@id":"https:\/\/www.dbi-services.com\/de\/#website"},"datePublished":"2023-08-14T13:19:11+00:00","dateModified":"2025-05-12T13:03:47+00:00","description":"This Privacy Statement describes the information we collect from you, how we use that information and our legal basis for doing so. It also covers whether and how that information may be shared and your rights and choices regarding the information you provide to us.","breadcrumb":{"@id":"https:\/\/www.dbi-services.com\/de\/datenschutzbestimmungen\/#breadcrumb"},"inLanguage":"de","potentialAction":[{"@type":"ReadAction","target":["https:\/\/www.dbi-services.com\/de\/datenschutzbestimmungen\/"]}]},{"@type":"BreadcrumbList","@id":"https:\/\/www.dbi-services.com\/de\/datenschutzbestimmungen\/#breadcrumb","itemListElement":[{"@type":"ListItem","position":1,"name":"Home","item":"https:\/\/www.dbi-services.com\/de\/"},{"@type":"ListItem","position":2,"name":"Datenschutzerkl\u00e4rung"}]},{"@type":"WebSite","@id":"https:\/\/www.dbi-services.com\/de\/#website","url":"https:\/\/www.dbi-services.com\/de\/","name":"dbi services","description":"","publisher":{"@id":"https:\/\/www.dbi-services.com\/de\/#organization"},"potentialAction":[{"@type":"SearchAction","target":{"@type":"EntryPoint","urlTemplate":"https:\/\/www.dbi-services.com\/de\/?s={search_term_string}"},"query-input":{"@type":"PropertyValueSpecification","valueRequired":true,"valueName":"search_term_string"}}],"inLanguage":"de"},{"@type":"Organization","@id":"https:\/\/www.dbi-services.com\/de\/#organization","name":"dbi services","alternateName":"dbi services","url":"https:\/\/www.dbi-services.com\/de\/","logo":{"@type":"ImageObject","inLanguage":"de","@id":"https:\/\/www.dbi-services.com\/de\/#\/schema\/logo\/image\/","url":"https:\/\/www.dbi-services.com\/wp-content\/uploads\/2023\/06\/dbi-services-by-sequotech-01-1.png","contentUrl":"https:\/\/www.dbi-services.com\/wp-content\/uploads\/2023\/06\/dbi-services-by-sequotech-01-1.png","width":3230,"height":1100,"caption":"dbi services"},"image":{"@id":"https:\/\/www.dbi-services.com\/de\/#\/schema\/logo\/image\/"},"sameAs":["https:\/\/www.facebook.com\/dbiservices\/","https:\/\/x.com\/dbiservices","https:\/\/www.linkedin.com\/company\/dbi-services\/","https:\/\/www.youtube.com\/user\/dbiservices"]}]}},"_links":{"self":[{"href":"https:\/\/www.dbi-services.com\/de\/wp-json\/wp\/v2\/pages\/5409","targetHints":{"allow":["GET"]}}],"collection":[{"href":"https:\/\/www.dbi-services.com\/de\/wp-json\/wp\/v2\/pages"}],"about":[{"href":"https:\/\/www.dbi-services.com\/de\/wp-json\/wp\/v2\/types\/page"}],"author":[{"embeddable":true,"href":"https:\/\/www.dbi-services.com\/de\/wp-json\/wp\/v2\/users\/5"}],"replies":[{"embeddable":true,"href":"https:\/\/www.dbi-services.com\/de\/wp-json\/wp\/v2\/comments?post=5409"}],"version-history":[{"count":11,"href":"https:\/\/www.dbi-services.com\/de\/wp-json\/wp\/v2\/pages\/5409\/revisions"}],"predecessor-version":[{"id":7659,"href":"https:\/\/www.dbi-services.com\/de\/wp-json\/wp\/v2\/pages\/5409\/revisions\/7659"}],"wp:attachment":[{"href":"https:\/\/www.dbi-services.com\/de\/wp-json\/wp\/v2\/media?parent=5409"}],"wp:term":[{"taxonomy":"location","embeddable":true,"href":"https:\/\/www.dbi-services.com\/de\/wp-json\/wp\/v2\/location?post=5409"}],"curies":[{"name":"wp","href":"https:\/\/api.w.org\/{rel}","templated":true}]}}