{"id":1874,"date":"2022-04-26T09:30:02","date_gmt":"2022-04-26T07:30:02","guid":{"rendered":"https:\/\/www.dbi-services.com\/career\/"},"modified":"2023-06-07T16:31:59","modified_gmt":"2023-06-07T14:31:59","slug":"career","status":"publish","type":"page","link":"https:\/\/www.dbi-services.com\/de\/career\/","title":{"rendered":"Karriere"},"content":{"rendered":"<section id=\"ganz-einfach-wir-sind-eine-great-place-to\" class=\"post-section   \"><div class=\"section-wrapper\"><h3>Warum du dich bei uns bewerben solltest?<\/h3><h2>Ganz einfach: Wir sind eine Great Place to\u2026<\/h2><div class=\"content-section\">\n\n<div class=\"wp-block-dbi-card card card-services\"><div class=\"card-header\"><\/div><hr\/><div class=\"card-body\"><h3 class=\"card-title\">Be well integrated<\/h3><p class=\"card-text\">Im Vorfeld wird alles f\u00fcr deine Ankunft vorbereitet. Das heisst, dass du Vorab dein zuk\u00fcftiges Smartphone und deinen Computer unter den verf\u00fcgbaren Modellen (auch f\u00fcr die private Nutzung) ausw\u00e4hlen darfst. Am ersten Arbeitstag wirst du durch unseren CEO und deinen Manager empfangen, schliesslich wirst du deinen neuen Kollegen vorgestellt. Auf diese Weise wirst du schnell Teil unseres Teams.  <\/p><\/div><\/div>\n\n\n\n<div class=\"wp-block-dbi-card card card-services\"><div class=\"card-header\"><\/div><hr\/><div class=\"card-body\"><h3 class=\"card-title\">Enjoy a culture of sharing<\/h3><p class=\"card-text\">Das Teilen geh\u00f6rt zu unseren zentralen Werten. Aus diesem Grund ermutigen wir unsere Mitarbeiter, ihr Wissen und ihr Know-how regelm\u00e4ssig mit ihren Kollegen zu teilen. Zwei Mal im Jahr organisieren wir interne Events, die wir \u201edbi xChange\u201c nennen, damit all unsere Mitarbeiter sich treffen, ihre Projekte pr\u00e4sentieren und sie dann mit den Kollegen diskutieren k\u00f6nnen.  <\/p><\/div><\/div>\n\n\n\n<div class=\"wp-block-dbi-card card card-services\"><div class=\"card-header\"><\/div><hr\/><div class=\"card-body\"><h3 class=\"card-title\">Be listened to<\/h3><p class=\"card-text\">Regelm\u00e4ssig wirst du zu Gespr\u00e4chen mit deinem Manager sowie zu Besprechungen mit deinem Team eingeladen. Diese Gelegenheiten kannst du nutzen um Vorschl\u00e4ge zu machen und Ideen mitzubringen. Der n\u00f6tige Spielraum wird dir anschliessend gew\u00e4hrt, um dies umzusetzen. <\/p><\/div><\/div>\n\n\n\n<div class=\"wp-block-dbi-card card card-services\"><div class=\"card-header\"><\/div><hr\/><div class=\"card-body\"><h3 class=\"card-title\">Work smart &amp; flexibly<\/h3><p class=\"card-text\">Das Gleichgewicht unserer Mitarbeiter zwischen Beruf und Privatleben liegt uns am Herzen. Damit du deinen Alltag besser gestalten kannst, passen wir uns an deine Bed\u00fcrfnisse an, indem wir dir das Home Office und\/oder Teilzeitarbeit erm\u00f6glichen. Schliesslich kannst du deinen Arbeitstag so organisieren, wie es f\u00fcr dich passt (unter Ber\u00fccksichtigung der blockierten Arbeitszeiten).  <\/p><\/div><\/div>\n\n\n\n<div class=\"wp-block-dbi-card card card-services\"><div class=\"card-header\"><\/div><hr\/><div class=\"card-body\"><h3 class=\"card-title\">Learn and evolve within the company<\/h3><p class=\"card-text\">In einem sich st\u00e4ndig ver\u00e4ndernden Umfeld liegt unser Schwerpunkt bei der Entwicklung des Know-hows unserer Teams. Deshalb widmen wir einen betr\u00e4chtlichen Teil unseres Umsatzes den Ausbildungsprogrammen unserer Mitarbeiter. Egal, welche F\u00e4higkeiten du erlangen oder entwickeln m\u00f6chtest (z.B. technisches Wissen, Sprachkenntnisse, usw.), wir stellen dir Zeit und Schulungen zur Verf\u00fcgung, damit du deine Zertifizierung erfolgreich abschliessen kannst.  <\/p><\/div><\/div>\n\n\n\n<div class=\"wp-block-dbi-card card card-services\"><div class=\"card-header\"><\/div><hr\/><div class=\"card-body\"><h3 class=\"card-title\">Expand your horizons<\/h3><p class=\"card-text\">Als Experte wirst du an bekannten internationalen Konferenzen wie Oracle OpenWorld, Microsoft Inspire, SQL Saturday, IT Tage, PostgreSQL-Events, DOAG, POUG usw. teilnehmen. Dies sind einzigartige Gelegenheiten, um deine Kenntnisse zu erweitern, dein Fachgebiet zu pr\u00e4sentieren und dein Netzwerk auszubauen. <\/p><\/div><\/div>\n\n\n\n<div class=\"wp-block-dbi-card card card-services\"><div class=\"card-header\"><\/div><hr\/><div class=\"card-body\"><h3 class=\"card-title\">Do fun things together<\/h3><p class=\"card-text\">Bei dbi services bedeutet Teamgeist auch gemeinsam Spass zu haben. Nebst dem Tischfussball und den gelegentlichen Feierabend-Aperos, organisiert jedes Team zweimal j\u00e4hrlich einen kleinen Ausflug, meistens abends (Essen und Gruppenaktivit\u00e4t). Die Partner und Kinder unserer Mitarbeiter m\u00f6chten wir dabei nicht vergessen, deshalb veranstalten wir im Winter und Sommer gemeinsame Ausfl\u00fcge.   <\/p><\/div><\/div>\n\n<\/div><\/div><\/section>","protected":false},"excerpt":{"rendered":"","protected":false},"author":1,"featured_media":0,"parent":0,"menu_order":0,"comment_status":"closed","ping_status":"closed","template":"","meta":{"_acf_changed":false,"footnotes":""},"location":[],"class_list":["post-1874","page","type-page","status-publish","hentry"],"acf":[],"yoast_head":"<!-- This site is optimized with the Yoast SEO Premium plugin v27.2 (Yoast SEO v27.2) - https:\/\/yoast.com\/product\/yoast-seo-premium-wordpress\/ -->\n<title>Karriere - dbi services<\/title>\n<meta name=\"robots\" content=\"index, follow, max-snippet:-1, max-image-preview:large, max-video-preview:-1\" \/>\n<link rel=\"canonical\" href=\"https:\/\/www.dbi-services.com\/de\/career\/\" \/>\n<meta property=\"og:locale\" content=\"de_DE\" \/>\n<meta property=\"og:type\" content=\"article\" \/>\n<meta property=\"og:title\" content=\"Karriere\" \/>\n<meta property=\"og:url\" content=\"https:\/\/www.dbi-services.com\/de\/career\/\" \/>\n<meta property=\"og:site_name\" content=\"dbi services\" \/>\n<meta property=\"article:publisher\" content=\"https:\/\/www.facebook.com\/dbiservices\/\" \/>\n<meta property=\"article:modified_time\" content=\"2023-06-07T14:31:59+00:00\" \/>\n<meta name=\"twitter:card\" content=\"summary_large_image\" \/>\n<meta name=\"twitter:site\" content=\"@dbiservices\" \/>\n<script type=\"application\/ld+json\" class=\"yoast-schema-graph\">{\"@context\":\"https:\/\/schema.org\",\"@graph\":[{\"@type\":\"WebPage\",\"@id\":\"https:\/\/www.dbi-services.com\/de\/career\/\",\"url\":\"https:\/\/www.dbi-services.com\/de\/career\/\",\"name\":\"Karriere - dbi services\",\"isPartOf\":{\"@id\":\"https:\/\/www.dbi-services.com\/de\/#website\"},\"datePublished\":\"2022-04-26T07:30:02+00:00\",\"dateModified\":\"2023-06-07T14:31:59+00:00\",\"breadcrumb\":{\"@id\":\"https:\/\/www.dbi-services.com\/de\/career\/#breadcrumb\"},\"inLanguage\":\"de\",\"potentialAction\":[{\"@type\":\"ReadAction\",\"target\":[\"https:\/\/www.dbi-services.com\/de\/career\/\"]}]},{\"@type\":\"BreadcrumbList\",\"@id\":\"https:\/\/www.dbi-services.com\/de\/career\/#breadcrumb\",\"itemListElement\":[{\"@type\":\"ListItem\",\"position\":1,\"name\":\"Home\",\"item\":\"https:\/\/www.dbi-services.com\/de\/\"},{\"@type\":\"ListItem\",\"position\":2,\"name\":\"Karriere\"}]},{\"@type\":\"WebSite\",\"@id\":\"https:\/\/www.dbi-services.com\/de\/#website\",\"url\":\"https:\/\/www.dbi-services.com\/de\/\",\"name\":\"dbi services\",\"description\":\"\",\"publisher\":{\"@id\":\"https:\/\/www.dbi-services.com\/de\/#organization\"},\"potentialAction\":[{\"@type\":\"SearchAction\",\"target\":{\"@type\":\"EntryPoint\",\"urlTemplate\":\"https:\/\/www.dbi-services.com\/de\/?s={search_term_string}\"},\"query-input\":{\"@type\":\"PropertyValueSpecification\",\"valueRequired\":true,\"valueName\":\"search_term_string\"}}],\"inLanguage\":\"de\"},{\"@type\":\"Organization\",\"@id\":\"https:\/\/www.dbi-services.com\/de\/#organization\",\"name\":\"dbi services\",\"alternateName\":\"dbi services\",\"url\":\"https:\/\/www.dbi-services.com\/de\/\",\"logo\":{\"@type\":\"ImageObject\",\"inLanguage\":\"de\",\"@id\":\"https:\/\/www.dbi-services.com\/de\/#\/schema\/logo\/image\/\",\"url\":\"https:\/\/www.dbi-services.com\/wp-content\/uploads\/2023\/06\/dbi-services-by-sequotech-01-1.png\",\"contentUrl\":\"https:\/\/www.dbi-services.com\/wp-content\/uploads\/2023\/06\/dbi-services-by-sequotech-01-1.png\",\"width\":3230,\"height\":1100,\"caption\":\"dbi services\"},\"image\":{\"@id\":\"https:\/\/www.dbi-services.com\/de\/#\/schema\/logo\/image\/\"},\"sameAs\":[\"https:\/\/www.facebook.com\/dbiservices\/\",\"https:\/\/x.com\/dbiservices\",\"https:\/\/www.linkedin.com\/company\/dbi-services\/\",\"https:\/\/www.youtube.com\/user\/dbiservices\"]}]}<\/script>\n<!-- \/ Yoast SEO Premium plugin. -->","yoast_head_json":{"title":"Karriere - dbi services","robots":{"index":"index","follow":"follow","max-snippet":"max-snippet:-1","max-image-preview":"max-image-preview:large","max-video-preview":"max-video-preview:-1"},"canonical":"https:\/\/www.dbi-services.com\/de\/career\/","og_locale":"de_DE","og_type":"article","og_title":"Karriere","og_url":"https:\/\/www.dbi-services.com\/de\/career\/","og_site_name":"dbi services","article_publisher":"https:\/\/www.facebook.com\/dbiservices\/","article_modified_time":"2023-06-07T14:31:59+00:00","twitter_card":"summary_large_image","twitter_site":"@dbiservices","schema":{"@context":"https:\/\/schema.org","@graph":[{"@type":"WebPage","@id":"https:\/\/www.dbi-services.com\/de\/career\/","url":"https:\/\/www.dbi-services.com\/de\/career\/","name":"Karriere - dbi services","isPartOf":{"@id":"https:\/\/www.dbi-services.com\/de\/#website"},"datePublished":"2022-04-26T07:30:02+00:00","dateModified":"2023-06-07T14:31:59+00:00","breadcrumb":{"@id":"https:\/\/www.dbi-services.com\/de\/career\/#breadcrumb"},"inLanguage":"de","potentialAction":[{"@type":"ReadAction","target":["https:\/\/www.dbi-services.com\/de\/career\/"]}]},{"@type":"BreadcrumbList","@id":"https:\/\/www.dbi-services.com\/de\/career\/#breadcrumb","itemListElement":[{"@type":"ListItem","position":1,"name":"Home","item":"https:\/\/www.dbi-services.com\/de\/"},{"@type":"ListItem","position":2,"name":"Karriere"}]},{"@type":"WebSite","@id":"https:\/\/www.dbi-services.com\/de\/#website","url":"https:\/\/www.dbi-services.com\/de\/","name":"dbi services","description":"","publisher":{"@id":"https:\/\/www.dbi-services.com\/de\/#organization"},"potentialAction":[{"@type":"SearchAction","target":{"@type":"EntryPoint","urlTemplate":"https:\/\/www.dbi-services.com\/de\/?s={search_term_string}"},"query-input":{"@type":"PropertyValueSpecification","valueRequired":true,"valueName":"search_term_string"}}],"inLanguage":"de"},{"@type":"Organization","@id":"https:\/\/www.dbi-services.com\/de\/#organization","name":"dbi services","alternateName":"dbi services","url":"https:\/\/www.dbi-services.com\/de\/","logo":{"@type":"ImageObject","inLanguage":"de","@id":"https:\/\/www.dbi-services.com\/de\/#\/schema\/logo\/image\/","url":"https:\/\/www.dbi-services.com\/wp-content\/uploads\/2023\/06\/dbi-services-by-sequotech-01-1.png","contentUrl":"https:\/\/www.dbi-services.com\/wp-content\/uploads\/2023\/06\/dbi-services-by-sequotech-01-1.png","width":3230,"height":1100,"caption":"dbi services"},"image":{"@id":"https:\/\/www.dbi-services.com\/de\/#\/schema\/logo\/image\/"},"sameAs":["https:\/\/www.facebook.com\/dbiservices\/","https:\/\/x.com\/dbiservices","https:\/\/www.linkedin.com\/company\/dbi-services\/","https:\/\/www.youtube.com\/user\/dbiservices"]}]}},"_links":{"self":[{"href":"https:\/\/www.dbi-services.com\/de\/wp-json\/wp\/v2\/pages\/1874","targetHints":{"allow":["GET"]}}],"collection":[{"href":"https:\/\/www.dbi-services.com\/de\/wp-json\/wp\/v2\/pages"}],"about":[{"href":"https:\/\/www.dbi-services.com\/de\/wp-json\/wp\/v2\/types\/page"}],"author":[{"embeddable":true,"href":"https:\/\/www.dbi-services.com\/de\/wp-json\/wp\/v2\/users\/1"}],"replies":[{"embeddable":true,"href":"https:\/\/www.dbi-services.com\/de\/wp-json\/wp\/v2\/comments?post=1874"}],"version-history":[{"count":5,"href":"https:\/\/www.dbi-services.com\/de\/wp-json\/wp\/v2\/pages\/1874\/revisions"}],"predecessor-version":[{"id":2157,"href":"https:\/\/www.dbi-services.com\/de\/wp-json\/wp\/v2\/pages\/1874\/revisions\/2157"}],"wp:attachment":[{"href":"https:\/\/www.dbi-services.com\/de\/wp-json\/wp\/v2\/media?parent=1874"}],"wp:term":[{"taxonomy":"location","embeddable":true,"href":"https:\/\/www.dbi-services.com\/de\/wp-json\/wp\/v2\/location?post=1874"}],"curies":[{"name":"wp","href":"https:\/\/api.w.org\/{rel}","templated":true}]}}