{"id":1481,"date":"2022-04-08T14:48:34","date_gmt":"2022-04-08T12:48:34","guid":{"rendered":"https:\/\/www.dbi-services.com\/unternehmen\/"},"modified":"2026-04-22T16:20:16","modified_gmt":"2026-04-22T14:20:16","slug":"unternehmen","status":"publish","type":"page","link":"https:\/\/www.dbi-services.com\/de\/unternehmen\/","title":{"rendered":"Unternehmen"},"content":{"rendered":"<section id=\"\" class=\"post-section  bg-primary \"><div class=\"section-wrapper\"><h3><\/h3><h2><\/h2><div class=\"content-section\">\n\n<div class=\"wp-block-dbi-columns\">\n<div class=\"wp-block-dbi-column\">\n<h3 class=\"wp-block-heading\" id=\"2010\"><strong>2010<\/strong><\/h3>\n\n\n\n<p>Gr\u00fcndungsjahr<\/p>\n<\/div>\n\n\n\n<div class=\"wp-block-dbi-column\">\n<h3 class=\"wp-block-heading plus\" id=\"85\">75<\/h3>\n\n\n\n<p>IT-Experten<\/p>\n<\/div>\n\n\n\n<div class=\"wp-block-dbi-column\">\n<h3 class=\"wp-block-heading plus\" id=\"200\"><strong>200<\/strong><\/h3>\n\n\n\n<p>Technische Zertifizierungen<\/p>\n<\/div>\n<\/div>\n\n\n\n<div class=\"wp-block-dbi-columns\">\n<div class=\"wp-block-dbi-column\">\n<h3 class=\"wp-block-heading plus\" id=\"300\"><strong>450<\/strong><\/h3>\n\n\n\n<p>Kunden<\/p>\n<\/div>\n\n\n\n<div class=\"wp-block-dbi-column\">\n<h3 class=\"wp-block-heading plus\" id=\"3\"><strong>3<\/strong><\/h3>\n\n\n\n<p>gesprochene Sprachen<\/p>\n<\/div>\n\n\n\n<div class=\"wp-block-dbi-column\">\n<h3 class=\"wp-block-heading plus\" id=\"70\"><strong>120<\/strong><\/h3>\n\n\n\n<p>Service Level Agreements<\/p>\n<\/div>\n<\/div>\n\n\n\n<div class=\"wp-block-dbi-columns\">\n<div class=\"wp-block-dbi-column\">\n<h3 class=\"wp-block-heading plus\" id=\"15\"><strong>15%<\/strong><\/h3>\n\n\n\n<p>Investition in F&amp;E<\/p>\n<\/div>\n\n\n\n<div class=\"wp-block-dbi-column\">\n<h3 class=\"wp-block-heading plus\" id=\"2-500\"><strong>3800<\/strong><\/h3>\n\n\n\n<p>Technische Blog-Posts<\/p>\n<\/div>\n\n\n\n<div class=\"wp-block-dbi-column\"><\/div>\n<\/div>\n\n<\/div><\/div><\/section><section id=\"werte-die-unser-handeln-leiten\" class=\"post-section  bg-white SALADE\"><div class=\"section-wrapper\"><h3>Unsere DNA <\/h3><h2>Werte, die unser Handeln leiten<\/h2><p>dbi services ist ein Unternehmen, das jung, modern, offen und sehr Community orientiert ist. Unser Unternehmen zeichnet sich durch sein Humankapital, seine Arbeitsmethoden, seine Werte und seine Unternehmenskultur aus. <\/p><div class=\"content-section\">\n\n<div class=\"wp-block-dbi-columns\">\n<div class=\"wp-block-dbi-column\">\n<h3 class=\"wp-block-heading\" id=\"besharing\">#BESHARING<\/h3>\n\n\n\n<p>Wir erweitern unser Wissen st\u00e4ndig und teilen es aktiv mit Kollegen, Kunden und Partnern. Wir m\u00f6chten eine Community schaffen, um neue und n\u00fctzliche Ideen, an die wir glauben, zu verwirklichen. <\/p>\n<\/div>\n\n\n\n<div class=\"wp-block-dbi-column\">\n<h3 class=\"wp-block-heading\" id=\"beresponsible\">#BERESPONSIBLE<\/h3>\n\n\n\n<p>Wir legen Wert auf Verantwortung, Respekt, Aufgeschlossenheit und Vielfalt in allen Aspekten zwischenmenschlicher Beziehungen. Wir sind immer offen f\u00fcr neue oder andere Ideen, \u00dcberzeugungen und Sichtweisen. <\/p>\n<\/div>\n<\/div>\n\n\n\n<div class=\"wp-block-dbi-columns\">\n<div class=\"wp-block-dbi-column\">\n<h3 class=\"wp-block-heading\" id=\"bepassionnate\">#BEPASSIONNATE<\/h3>\n\n\n\n<p>Wir lieben unsere Arbeit und haben Spass dabei. Uns motivieren herausfordernde Projekte, zufriedene Kunden und engagierte Mitarbeiter. Wir sind immer offen f\u00fcr neue oder andere Ideen, \u00dcberzeugungen und Sichtweisen. <\/p>\n<\/div>\n\n\n\n<div class=\"wp-block-dbi-column\">\n<h3 class=\"wp-block-heading\" id=\"besuccessful\">#BESUCCESSFUL<\/h3>\n\n\n\n<p>Den Kunden zuh\u00f6ren, von ihnen lernen und sich ihren Bed\u00fcrfnissen und ihrem Gesch\u00e4ftsumfeld anpassen: Dieser Aufgabe gehen wir tagt\u00e4glich nach. Wir sind \u00fcberzeugt, dass dies der effizienteste Weg ist, einen nachhaltigen Projekterfolg zu sichern. <\/p>\n<\/div>\n<\/div>\n\n<\/div><\/div><\/section><section id=\"wir-setzen-uns-dafr-ein-eine-bessere-zukunft-zu-bauen\" class=\"post-section   text-p-center\"><div class=\"section-wrapper\"><h3>Nachhaltigkeit<\/h3><h2>Wir setzen uns daf\u00fcr ein, eine bessere Zukunft zu bauen<\/h2><p>Lesen Sie unseren Nachhaltigkeitsbericht. <a href=\"https:\/\/www.dbi-services.com\/wp-content\/uploads\/2025\/06\/D-DBI-F-20250509-SustainabiltyReport2024-1.pdf\" target=\"_blank\" rel=\"noreferrer noopener\">Mehr Informationen<\/a><\/p><\/div><\/section><section id=\"konzernmitglied\" class=\"post-section  bg-white text-p-center\"><div class=\"section-wrapper\"><h3>Sequotech<\/h3><h2>Konzernmitglied<\/h2><p>dbi services hat sich dem Sequotech-Konzern angeschlossen. <a href=\"https:\/\/www.sequotech.com\/\">Mehr Informationen<\/a><\/p><div class=\"content-section\">\n<div class=\"wp-block-image\">\n<figure class=\"aligncenter size-large is-resized\"><img loading=\"lazy\" decoding=\"async\" width=\"1024\" height=\"167\" src=\"https:\/\/www.dbi-services.com\/wp-content\/uploads\/2022\/04\/Sequotech-logo-CMJN-classique_transparent-1024x167.png\" alt=\"\" class=\"wp-image-1889\" style=\"width:422px;height:69px\" srcset=\"https:\/\/www.dbi-services.com\/wp-content\/uploads\/2022\/04\/Sequotech-logo-CMJN-classique_transparent-1024x167.png 1024w, https:\/\/www.dbi-services.com\/wp-content\/uploads\/2022\/04\/Sequotech-logo-CMJN-classique_transparent-300x49.png 300w, https:\/\/www.dbi-services.com\/wp-content\/uploads\/2022\/04\/Sequotech-logo-CMJN-classique_transparent-768x125.png 768w, https:\/\/www.dbi-services.com\/wp-content\/uploads\/2022\/04\/Sequotech-logo-CMJN-classique_transparent-1536x250.png 1536w, https:\/\/www.dbi-services.com\/wp-content\/uploads\/2022\/04\/Sequotech-logo-CMJN-classique_transparent-2048x333.png 2048w\" sizes=\"auto, (max-width: 1024px) 100vw, 1024px\" \/><\/figure>\n<\/div>\n<\/div><\/div><\/section><section id=\"kunden-fr-die-wir-arbeiten\" class=\"post-section  bg-dark bg-dark\"><div class=\"section-wrapper\"><h3>UNSERE ZUSAMMENARBEIT<\/h3><h2>Kunden f\u00fcr die wir arbeiten.<\/h2><p>dbi services hat Kunden aus verschiedenen Branchen wie Pharmakologie, Banken, Versicherungen, Industrie, Gesundheitswesen, Medien, Energie, \u00f6ffentlicher Sektor und Immobilien.<\/p><div class=\"content-section\">\n        <div id=\"partner-grid\" class=\"grid p-5 bg-white shadow\">\n                            <div><img decoding=\"async\" src=\"https:\/\/www.dbi-services.com\/wp-content\/uploads\/2022\/03\/Logo-Unilabs-carre-300x300.png\" alt=\"\" class=\"img-fluid\"><\/div>\n                            <div><img decoding=\"async\" src=\"https:\/\/www.dbi-services.com\/wp-content\/uploads\/2022\/03\/Logo-Swissquote-carre-300x300.png\" alt=\"\" class=\"img-fluid\"><\/div>\n                            <div><img decoding=\"async\" src=\"https:\/\/www.dbi-services.com\/wp-content\/uploads\/2022\/03\/Logo-HUG-carre-300x300.png\" alt=\"\" class=\"img-fluid\"><\/div>\n                            <div><img decoding=\"async\" src=\"https:\/\/www.dbi-services.com\/wp-content\/uploads\/2022\/03\/Logo-JURA-carre-300x300.png\" alt=\"\" class=\"img-fluid\"><\/div>\n                            <div><img decoding=\"async\" src=\"https:\/\/www.dbi-services.com\/wp-content\/uploads\/2022\/03\/Logo-Mobiliar-carre-300x300.png\" alt=\"\" class=\"img-fluid\"><\/div>\n                            <div><img decoding=\"async\" src=\"https:\/\/www.dbi-services.com\/wp-content\/uploads\/2026\/04\/Logo_Manor_2017.svg-300x68.png\" alt=\"\" class=\"img-fluid\"><\/div>\n                            <div><img decoding=\"async\" src=\"https:\/\/www.dbi-services.com\/wp-content\/uploads\/2022\/03\/Logo-Holstein-carre-300x300.png\" alt=\"\" class=\"img-fluid\"><\/div>\n                            <div><img decoding=\"async\" src=\"https:\/\/www.dbi-services.com\/wp-content\/uploads\/2022\/03\/Logo-Givaudan-carre-300x300.png\" alt=\"\" class=\"img-fluid\"><\/div>\n                            <div><img decoding=\"async\" src=\"https:\/\/www.dbi-services.com\/wp-content\/uploads\/2026\/04\/galenica-logo-rgb-300x71.png\" alt=\"\" class=\"img-fluid\"><\/div>\n                            <div><img decoding=\"async\" src=\"https:\/\/www.dbi-services.com\/wp-content\/uploads\/2022\/03\/Logo-Delphin-Amazonia-carre-300x300.png\" alt=\"\" class=\"img-fluid\"><\/div>\n                            <div><img decoding=\"async\" src=\"https:\/\/www.dbi-services.com\/wp-content\/uploads\/2022\/03\/Ct.-Vaud-carre-300x300.png\" alt=\"\" class=\"img-fluid\"><\/div>\n                            <div><img decoding=\"async\" src=\"https:\/\/www.dbi-services.com\/wp-content\/uploads\/2026\/04\/RjVM88yN-emeria-verti-rvb-0-300x145.jpg\" alt=\"\" class=\"img-fluid\"><\/div>\n                            <div><img decoding=\"async\" src=\"https:\/\/www.dbi-services.com\/wp-content\/uploads\/2022\/02\/Logo-Swisslos-carre-300x300.png\" alt=\"\" class=\"img-fluid\"><\/div>\n                            <div><img decoding=\"async\" src=\"https:\/\/www.dbi-services.com\/wp-content\/uploads\/2022\/03\/Logo-Gutzwiller-carre-300x300.png\" alt=\"\" class=\"img-fluid\"><\/div>\n                            <div><img decoding=\"async\" src=\"https:\/\/www.dbi-services.com\/wp-content\/uploads\/2023\/09\/Sunrise_Vert_Logo_Pos_RGB_PNG-300x268.png\" alt=\"\" class=\"img-fluid\"><\/div>\n                            <div><img decoding=\"async\" src=\"https:\/\/www.dbi-services.com\/wp-content\/uploads\/2022\/02\/Logo-Swissgas-carre-300x300.png\" alt=\"\" class=\"img-fluid\"><\/div>\n                            <div><img decoding=\"async\" src=\"https:\/\/www.dbi-services.com\/wp-content\/uploads\/2022\/02\/Logo-Helvetia-carre-300x300.png\" alt=\"\" class=\"img-fluid\"><\/div>\n                            <div><img decoding=\"async\" src=\"https:\/\/www.dbi-services.com\/wp-content\/uploads\/2022\/02\/Logo-Idorsia-carre-300x300.png\" alt=\"\" class=\"img-fluid\"><\/div>\n                            <div><img decoding=\"async\" src=\"https:\/\/www.dbi-services.com\/wp-content\/uploads\/2022\/02\/Logo-RTS-carre-300x300.png\" alt=\"\" class=\"img-fluid\"><\/div>\n                            <div><img decoding=\"async\" src=\"https:\/\/www.dbi-services.com\/wp-content\/uploads\/2022\/02\/Logo-KKG-carre-300x300.png\" alt=\"\" class=\"img-fluid\"><\/div>\n                            <div><img decoding=\"async\" src=\"https:\/\/www.dbi-services.com\/wp-content\/uploads\/2022\/02\/Logo-SIG-carre-300x300.png\" alt=\"\" class=\"img-fluid\"><\/div>\n                            <div><img decoding=\"async\" src=\"https:\/\/www.dbi-services.com\/wp-content\/uploads\/2026\/04\/New_SKIDATA_Strong-endorsed-logo_RGB.png\" alt=\"\" class=\"img-fluid\"><\/div>\n                    <\/div>\n\n<\/div><\/div><\/section>\n<div class=\"wp-block-columns is-layout-flex wp-container-core-columns-is-layout-9d6595d7 wp-block-columns-is-layout-flex\">\n<div class=\"wp-block-column is-layout-flow wp-block-column-is-layout-flow\" style=\"flex-basis:25%\"><\/div>\n\n\n\n<div class=\"wp-block-column is-layout-flow wp-block-column-is-layout-flow\" style=\"flex-basis:50%\"><\/div>\n\n\n\n<div class=\"wp-block-column is-layout-flow wp-block-column-is-layout-flow\" style=\"flex-basis:25%\"><\/div>\n<\/div>\n<section id=\"\" class=\"post-section   \"><div class=\"section-wrapper\"><div class=\"content-section\">\n\n<div class=\"wp-block-columns is-layout-flex wp-container-core-columns-is-layout-9d6595d7 wp-block-columns-is-layout-flex\">\n<div class=\"wp-block-column is-layout-flow wp-block-column-is-layout-flow\">\n<figure class=\"wp-block-gallery has-nested-images columns-default is-cropped wp-block-gallery-2 is-layout-flex wp-block-gallery-is-layout-flex\">\n<figure class=\"wp-block-image size-large\"><a href=\"https:\/\/www.dbi-services.com\/wp-content\/uploads\/2025\/11\/P-DBI-E-20251112-Company-presentation-min.pdf\" target=\"_blank\" rel=\" noreferrer noopener\"><img loading=\"lazy\" decoding=\"async\" width=\"1024\" height=\"569\" data-id=\"7700\" src=\"https:\/\/www.dbi-services.com\/wp-content\/uploads\/2025\/05\/Screenshot-2025-05-12-155203-1-1024x569.png\" alt=\"\" class=\"wp-image-7700\" srcset=\"https:\/\/www.dbi-services.com\/wp-content\/uploads\/2025\/05\/Screenshot-2025-05-12-155203-1-1024x569.png 1024w, https:\/\/www.dbi-services.com\/wp-content\/uploads\/2025\/05\/Screenshot-2025-05-12-155203-1-300x167.png 300w, https:\/\/www.dbi-services.com\/wp-content\/uploads\/2025\/05\/Screenshot-2025-05-12-155203-1-768x427.png 768w, https:\/\/www.dbi-services.com\/wp-content\/uploads\/2025\/05\/Screenshot-2025-05-12-155203-1.png 1502w\" sizes=\"auto, (max-width: 1024px) 100vw, 1024px\" \/><\/a><\/figure>\n<\/figure>\n<\/div>\n\n\n\n<div class=\"wp-block-column is-layout-flow wp-block-column-is-layout-flow\"><\/div>\n<\/div>\n\n<\/div><\/div><\/section>","protected":false},"excerpt":{"rendered":"","protected":false},"author":1,"featured_media":0,"parent":0,"menu_order":0,"comment_status":"closed","ping_status":"closed","template":"","meta":{"_acf_changed":false,"footnotes":""},"location":[],"class_list":["post-1481","page","type-page","status-publish","hentry"],"acf":[],"yoast_head":"<!-- This site is optimized with the Yoast SEO Premium plugin v27.2 (Yoast SEO v27.5) - https:\/\/yoast.com\/product\/yoast-seo-premium-wordpress\/ -->\n<title>Unternehmen - dbi services<\/title>\n<meta name=\"robots\" content=\"index, follow, max-snippet:-1, max-image-preview:large, max-video-preview:-1\" \/>\n<link rel=\"canonical\" href=\"https:\/\/www.dbi-services.com\/de\/unternehmen\/\" \/>\n<meta property=\"og:locale\" content=\"de_DE\" \/>\n<meta property=\"og:type\" content=\"article\" \/>\n<meta property=\"og:title\" content=\"Unternehmen\" \/>\n<meta property=\"og:url\" content=\"https:\/\/www.dbi-services.com\/de\/unternehmen\/\" \/>\n<meta property=\"og:site_name\" content=\"dbi services\" \/>\n<meta property=\"article:publisher\" content=\"https:\/\/www.facebook.com\/dbiservices\/\" \/>\n<meta property=\"article:modified_time\" content=\"2026-04-22T14:20:16+00:00\" \/>\n<meta property=\"og:image\" content=\"https:\/\/www.dbi-services.com\/wp-content\/uploads\/2022\/04\/Sequotech-logo-CMJN-classique_transparent.png\" \/>\n\t<meta property=\"og:image:width\" content=\"4713\" \/>\n\t<meta property=\"og:image:height\" content=\"767\" \/>\n\t<meta property=\"og:image:type\" content=\"image\/png\" \/>\n<meta name=\"twitter:card\" content=\"summary_large_image\" \/>\n<meta name=\"twitter:site\" content=\"@dbiservices\" \/>\n<script type=\"application\/ld+json\" class=\"yoast-schema-graph\">{\"@context\":\"https:\\\/\\\/schema.org\",\"@graph\":[{\"@type\":\"WebPage\",\"@id\":\"https:\\\/\\\/www.dbi-services.com\\\/de\\\/unternehmen\\\/\",\"url\":\"https:\\\/\\\/www.dbi-services.com\\\/de\\\/unternehmen\\\/\",\"name\":\"Unternehmen - dbi services\",\"isPartOf\":{\"@id\":\"https:\\\/\\\/www.dbi-services.com\\\/de\\\/#website\"},\"primaryImageOfPage\":{\"@id\":\"https:\\\/\\\/www.dbi-services.com\\\/de\\\/unternehmen\\\/#primaryimage\"},\"image\":{\"@id\":\"https:\\\/\\\/www.dbi-services.com\\\/de\\\/unternehmen\\\/#primaryimage\"},\"thumbnailUrl\":\"https:\\\/\\\/www.dbi-services.com\\\/wp-content\\\/uploads\\\/2022\\\/04\\\/Sequotech-logo-CMJN-classique_transparent-1024x167.png\",\"datePublished\":\"2022-04-08T12:48:34+00:00\",\"dateModified\":\"2026-04-22T14:20:16+00:00\",\"breadcrumb\":{\"@id\":\"https:\\\/\\\/www.dbi-services.com\\\/de\\\/unternehmen\\\/#breadcrumb\"},\"inLanguage\":\"de\",\"potentialAction\":[{\"@type\":\"ReadAction\",\"target\":[\"https:\\\/\\\/www.dbi-services.com\\\/de\\\/unternehmen\\\/\"]}]},{\"@type\":\"ImageObject\",\"inLanguage\":\"de\",\"@id\":\"https:\\\/\\\/www.dbi-services.com\\\/de\\\/unternehmen\\\/#primaryimage\",\"url\":\"https:\\\/\\\/www.dbi-services.com\\\/wp-content\\\/uploads\\\/2022\\\/04\\\/Sequotech-logo-CMJN-classique_transparent-1024x167.png\",\"contentUrl\":\"https:\\\/\\\/www.dbi-services.com\\\/wp-content\\\/uploads\\\/2022\\\/04\\\/Sequotech-logo-CMJN-classique_transparent-1024x167.png\"},{\"@type\":\"BreadcrumbList\",\"@id\":\"https:\\\/\\\/www.dbi-services.com\\\/de\\\/unternehmen\\\/#breadcrumb\",\"itemListElement\":[{\"@type\":\"ListItem\",\"position\":1,\"name\":\"Home\",\"item\":\"https:\\\/\\\/www.dbi-services.com\\\/de\\\/\"},{\"@type\":\"ListItem\",\"position\":2,\"name\":\"Unternehmen\"}]},{\"@type\":\"WebSite\",\"@id\":\"https:\\\/\\\/www.dbi-services.com\\\/de\\\/#website\",\"url\":\"https:\\\/\\\/www.dbi-services.com\\\/de\\\/\",\"name\":\"dbi services\",\"description\":\"\",\"publisher\":{\"@id\":\"https:\\\/\\\/www.dbi-services.com\\\/de\\\/#organization\"},\"potentialAction\":[{\"@type\":\"SearchAction\",\"target\":{\"@type\":\"EntryPoint\",\"urlTemplate\":\"https:\\\/\\\/www.dbi-services.com\\\/de\\\/?s={search_term_string}\"},\"query-input\":{\"@type\":\"PropertyValueSpecification\",\"valueRequired\":true,\"valueName\":\"search_term_string\"}}],\"inLanguage\":\"de\"},{\"@type\":\"Organization\",\"@id\":\"https:\\\/\\\/www.dbi-services.com\\\/de\\\/#organization\",\"name\":\"dbi services\",\"alternateName\":\"dbi services\",\"url\":\"https:\\\/\\\/www.dbi-services.com\\\/de\\\/\",\"logo\":{\"@type\":\"ImageObject\",\"inLanguage\":\"de\",\"@id\":\"https:\\\/\\\/www.dbi-services.com\\\/de\\\/#\\\/schema\\\/logo\\\/image\\\/\",\"url\":\"https:\\\/\\\/www.dbi-services.com\\\/wp-content\\\/uploads\\\/2023\\\/06\\\/dbi-services-by-sequotech-01-1.png\",\"contentUrl\":\"https:\\\/\\\/www.dbi-services.com\\\/wp-content\\\/uploads\\\/2023\\\/06\\\/dbi-services-by-sequotech-01-1.png\",\"width\":3230,\"height\":1100,\"caption\":\"dbi services\"},\"image\":{\"@id\":\"https:\\\/\\\/www.dbi-services.com\\\/de\\\/#\\\/schema\\\/logo\\\/image\\\/\"},\"sameAs\":[\"https:\\\/\\\/www.facebook.com\\\/dbiservices\\\/\",\"https:\\\/\\\/x.com\\\/dbiservices\",\"https:\\\/\\\/www.linkedin.com\\\/company\\\/dbi-services\\\/\",\"https:\\\/\\\/www.youtube.com\\\/user\\\/dbiservices\"]}]}<\/script>\n<!-- \/ Yoast SEO Premium plugin. -->","yoast_head_json":{"title":"Unternehmen - dbi services","robots":{"index":"index","follow":"follow","max-snippet":"max-snippet:-1","max-image-preview":"max-image-preview:large","max-video-preview":"max-video-preview:-1"},"canonical":"https:\/\/www.dbi-services.com\/de\/unternehmen\/","og_locale":"de_DE","og_type":"article","og_title":"Unternehmen","og_url":"https:\/\/www.dbi-services.com\/de\/unternehmen\/","og_site_name":"dbi services","article_publisher":"https:\/\/www.facebook.com\/dbiservices\/","article_modified_time":"2026-04-22T14:20:16+00:00","og_image":[{"width":4713,"height":767,"url":"https:\/\/www.dbi-services.com\/wp-content\/uploads\/2022\/04\/Sequotech-logo-CMJN-classique_transparent.png","type":"image\/png"}],"twitter_card":"summary_large_image","twitter_site":"@dbiservices","schema":{"@context":"https:\/\/schema.org","@graph":[{"@type":"WebPage","@id":"https:\/\/www.dbi-services.com\/de\/unternehmen\/","url":"https:\/\/www.dbi-services.com\/de\/unternehmen\/","name":"Unternehmen - dbi services","isPartOf":{"@id":"https:\/\/www.dbi-services.com\/de\/#website"},"primaryImageOfPage":{"@id":"https:\/\/www.dbi-services.com\/de\/unternehmen\/#primaryimage"},"image":{"@id":"https:\/\/www.dbi-services.com\/de\/unternehmen\/#primaryimage"},"thumbnailUrl":"https:\/\/www.dbi-services.com\/wp-content\/uploads\/2022\/04\/Sequotech-logo-CMJN-classique_transparent-1024x167.png","datePublished":"2022-04-08T12:48:34+00:00","dateModified":"2026-04-22T14:20:16+00:00","breadcrumb":{"@id":"https:\/\/www.dbi-services.com\/de\/unternehmen\/#breadcrumb"},"inLanguage":"de","potentialAction":[{"@type":"ReadAction","target":["https:\/\/www.dbi-services.com\/de\/unternehmen\/"]}]},{"@type":"ImageObject","inLanguage":"de","@id":"https:\/\/www.dbi-services.com\/de\/unternehmen\/#primaryimage","url":"https:\/\/www.dbi-services.com\/wp-content\/uploads\/2022\/04\/Sequotech-logo-CMJN-classique_transparent-1024x167.png","contentUrl":"https:\/\/www.dbi-services.com\/wp-content\/uploads\/2022\/04\/Sequotech-logo-CMJN-classique_transparent-1024x167.png"},{"@type":"BreadcrumbList","@id":"https:\/\/www.dbi-services.com\/de\/unternehmen\/#breadcrumb","itemListElement":[{"@type":"ListItem","position":1,"name":"Home","item":"https:\/\/www.dbi-services.com\/de\/"},{"@type":"ListItem","position":2,"name":"Unternehmen"}]},{"@type":"WebSite","@id":"https:\/\/www.dbi-services.com\/de\/#website","url":"https:\/\/www.dbi-services.com\/de\/","name":"dbi services","description":"","publisher":{"@id":"https:\/\/www.dbi-services.com\/de\/#organization"},"potentialAction":[{"@type":"SearchAction","target":{"@type":"EntryPoint","urlTemplate":"https:\/\/www.dbi-services.com\/de\/?s={search_term_string}"},"query-input":{"@type":"PropertyValueSpecification","valueRequired":true,"valueName":"search_term_string"}}],"inLanguage":"de"},{"@type":"Organization","@id":"https:\/\/www.dbi-services.com\/de\/#organization","name":"dbi services","alternateName":"dbi services","url":"https:\/\/www.dbi-services.com\/de\/","logo":{"@type":"ImageObject","inLanguage":"de","@id":"https:\/\/www.dbi-services.com\/de\/#\/schema\/logo\/image\/","url":"https:\/\/www.dbi-services.com\/wp-content\/uploads\/2023\/06\/dbi-services-by-sequotech-01-1.png","contentUrl":"https:\/\/www.dbi-services.com\/wp-content\/uploads\/2023\/06\/dbi-services-by-sequotech-01-1.png","width":3230,"height":1100,"caption":"dbi services"},"image":{"@id":"https:\/\/www.dbi-services.com\/de\/#\/schema\/logo\/image\/"},"sameAs":["https:\/\/www.facebook.com\/dbiservices\/","https:\/\/x.com\/dbiservices","https:\/\/www.linkedin.com\/company\/dbi-services\/","https:\/\/www.youtube.com\/user\/dbiservices"]}]}},"_links":{"self":[{"href":"https:\/\/www.dbi-services.com\/de\/wp-json\/wp\/v2\/pages\/1481","targetHints":{"allow":["GET"]}}],"collection":[{"href":"https:\/\/www.dbi-services.com\/de\/wp-json\/wp\/v2\/pages"}],"about":[{"href":"https:\/\/www.dbi-services.com\/de\/wp-json\/wp\/v2\/types\/page"}],"author":[{"embeddable":true,"href":"https:\/\/www.dbi-services.com\/de\/wp-json\/wp\/v2\/users\/1"}],"replies":[{"embeddable":true,"href":"https:\/\/www.dbi-services.com\/de\/wp-json\/wp\/v2\/comments?post=1481"}],"version-history":[{"count":45,"href":"https:\/\/www.dbi-services.com\/de\/wp-json\/wp\/v2\/pages\/1481\/revisions"}],"predecessor-version":[{"id":8482,"href":"https:\/\/www.dbi-services.com\/de\/wp-json\/wp\/v2\/pages\/1481\/revisions\/8482"}],"wp:attachment":[{"href":"https:\/\/www.dbi-services.com\/de\/wp-json\/wp\/v2\/media?parent=1481"}],"wp:term":[{"taxonomy":"location","embeddable":true,"href":"https:\/\/www.dbi-services.com\/de\/wp-json\/wp\/v2\/location?post=1481"}],"curies":[{"name":"wp","href":"https:\/\/api.w.org\/{rel}","templated":true}]}}