{"id":113,"date":"2021-12-23T15:53:57","date_gmt":"2021-12-23T14:53:57","guid":{"rendered":"https:\/\/www.dbi-services.com\/accueil\/"},"modified":"2023-10-23T14:36:26","modified_gmt":"2023-10-23T12:36:26","slug":"accueil","status":"publish","type":"page","link":"https:\/\/www.dbi-services.com\/de\/","title":{"rendered":"HOME"},"content":{"rendered":"<section id=\"massgeschneiderte-empfehlungen\" class=\"post-section   \"><div class=\"section-wrapper\"><h2>Massgeschneiderte Empfehlungen<\/h2><p>Ihre Projekte stehen bei uns im Mittelpunkt. Deshalb garantieren wir eine neutrale Beratung, ganz unabh\u00e4ngig von der Technologie. F\u00fcr jedes Projekt wird gesorgt, dass unsere Spezialisten ein hohes Zertifizierungsniveau aufrechterhalten. Unsere Partnerschaften mit Anbietern wie <strong>AWS<\/strong>, <strong>Oracle<\/strong> und <strong>Microsoft<\/strong> erm\u00f6glichen es uns, immer an der Spitze der Innovation zu stehen.<\/p><div class=\"content-section\">\n\n<p><\/p>\n\n<\/div><\/div><\/section><section id=\"unsere-kunden-sprechen-ber-uns\" class=\"post-section   \"><div class=\"section-wrapper\"><h2>Unsere Kunden sprechen \u00fcber uns<\/h2><p>Wir lieben es, f\u00fcr unsere Kunden zu arbeiten und sie m\u00f6gen uns genauso.<br>Finden Sie heraus, was sie \u00fcber dbi services sagen und wie wir ihnen geholfen haben, ihre Herausforderungen zu meistern.<\/p><\/div><\/section><section id=\"delivery-manager-und-consultant\" class=\"post-section   \"><div class=\"section-wrapper\"><h3>Elisa Usai<\/h3><h2>Delivery Manager und Consultant<\/h2><p><em>Was ich an dbi services am meisten sch\u00e4tze, ist die M\u00f6glichkeit, jeden Tag zu lernen und zu wachsen, sowohl durch Consulting-Missionen f\u00fcr verschiedene Kunden als auch durch die Teilnahme an Konferenzen, Events und Schulungen. Als berufst\u00e4tige Mutter sch\u00e4tze ich auch die hervorragende Work-Life-Balance, die ich als Delivery Managerin und Consultant habe. <\/em><\/p><\/div><\/section>","protected":false},"excerpt":{"rendered":"","protected":false},"author":1,"featured_media":0,"parent":0,"menu_order":0,"comment_status":"closed","ping_status":"closed","template":"","meta":{"_acf_changed":false,"footnotes":""},"location":[],"class_list":["post-113","page","type-page","status-publish","hentry"],"acf":[],"yoast_head":"<!-- This site is optimized with the Yoast SEO Premium plugin v27.2 (Yoast SEO v27.2) - https:\/\/yoast.com\/product\/yoast-seo-premium-wordpress\/ -->\n<title>HOME - dbi services<\/title>\n<meta name=\"robots\" content=\"index, follow, max-snippet:-1, max-image-preview:large, max-video-preview:-1\" \/>\n<link rel=\"canonical\" href=\"https:\/\/www.dbi-services.com\/de\/\" \/>\n<meta property=\"og:locale\" content=\"de_DE\" \/>\n<meta property=\"og:type\" content=\"article\" \/>\n<meta property=\"og:title\" content=\"HOME\" \/>\n<meta property=\"og:url\" content=\"https:\/\/www.dbi-services.com\/de\/\" \/>\n<meta property=\"og:site_name\" content=\"dbi services\" \/>\n<meta property=\"article:publisher\" content=\"https:\/\/www.facebook.com\/dbiservices\/\" \/>\n<meta property=\"article:modified_time\" content=\"2023-10-23T12:36:26+00:00\" \/>\n<meta name=\"twitter:card\" content=\"summary_large_image\" \/>\n<meta name=\"twitter:site\" content=\"@dbiservices\" \/>\n<script type=\"application\/ld+json\" class=\"yoast-schema-graph\">{\"@context\":\"https:\/\/schema.org\",\"@graph\":[{\"@type\":\"WebPage\",\"@id\":\"https:\/\/www.dbi-services.com\/de\/\",\"url\":\"https:\/\/www.dbi-services.com\/de\/\",\"name\":\"HOME - dbi services\",\"isPartOf\":{\"@id\":\"https:\/\/www.dbi-services.com\/de\/#website\"},\"datePublished\":\"2021-12-23T14:53:57+00:00\",\"dateModified\":\"2023-10-23T12:36:26+00:00\",\"breadcrumb\":{\"@id\":\"https:\/\/www.dbi-services.com\/de\/#breadcrumb\"},\"inLanguage\":\"de\",\"potentialAction\":[{\"@type\":\"ReadAction\",\"target\":[\"https:\/\/www.dbi-services.com\/de\/\"]}]},{\"@type\":\"BreadcrumbList\",\"@id\":\"https:\/\/www.dbi-services.com\/de\/#breadcrumb\",\"itemListElement\":[{\"@type\":\"ListItem\",\"position\":1,\"name\":\"Home\",\"item\":\"https:\/\/www.dbi-services.com\/de\/\"},{\"@type\":\"ListItem\",\"position\":2,\"name\":\"HOME\"}]},{\"@type\":\"WebSite\",\"@id\":\"https:\/\/www.dbi-services.com\/de\/#website\",\"url\":\"https:\/\/www.dbi-services.com\/de\/\",\"name\":\"dbi services\",\"description\":\"\",\"publisher\":{\"@id\":\"https:\/\/www.dbi-services.com\/de\/#organization\"},\"potentialAction\":[{\"@type\":\"SearchAction\",\"target\":{\"@type\":\"EntryPoint\",\"urlTemplate\":\"https:\/\/www.dbi-services.com\/de\/?s={search_term_string}\"},\"query-input\":{\"@type\":\"PropertyValueSpecification\",\"valueRequired\":true,\"valueName\":\"search_term_string\"}}],\"inLanguage\":\"de\"},{\"@type\":\"Organization\",\"@id\":\"https:\/\/www.dbi-services.com\/de\/#organization\",\"name\":\"dbi services\",\"alternateName\":\"dbi services\",\"url\":\"https:\/\/www.dbi-services.com\/de\/\",\"logo\":{\"@type\":\"ImageObject\",\"inLanguage\":\"de\",\"@id\":\"https:\/\/www.dbi-services.com\/de\/#\/schema\/logo\/image\/\",\"url\":\"https:\/\/www.dbi-services.com\/wp-content\/uploads\/2023\/06\/dbi-services-by-sequotech-01-1.png\",\"contentUrl\":\"https:\/\/www.dbi-services.com\/wp-content\/uploads\/2023\/06\/dbi-services-by-sequotech-01-1.png\",\"width\":3230,\"height\":1100,\"caption\":\"dbi services\"},\"image\":{\"@id\":\"https:\/\/www.dbi-services.com\/de\/#\/schema\/logo\/image\/\"},\"sameAs\":[\"https:\/\/www.facebook.com\/dbiservices\/\",\"https:\/\/x.com\/dbiservices\",\"https:\/\/www.linkedin.com\/company\/dbi-services\/\",\"https:\/\/www.youtube.com\/user\/dbiservices\"]}]}<\/script>\n<!-- \/ Yoast SEO Premium plugin. -->","yoast_head_json":{"title":"HOME - dbi services","robots":{"index":"index","follow":"follow","max-snippet":"max-snippet:-1","max-image-preview":"max-image-preview:large","max-video-preview":"max-video-preview:-1"},"canonical":"https:\/\/www.dbi-services.com\/de\/","og_locale":"de_DE","og_type":"article","og_title":"HOME","og_url":"https:\/\/www.dbi-services.com\/de\/","og_site_name":"dbi services","article_publisher":"https:\/\/www.facebook.com\/dbiservices\/","article_modified_time":"2023-10-23T12:36:26+00:00","twitter_card":"summary_large_image","twitter_site":"@dbiservices","schema":{"@context":"https:\/\/schema.org","@graph":[{"@type":"WebPage","@id":"https:\/\/www.dbi-services.com\/de\/","url":"https:\/\/www.dbi-services.com\/de\/","name":"HOME - dbi services","isPartOf":{"@id":"https:\/\/www.dbi-services.com\/de\/#website"},"datePublished":"2021-12-23T14:53:57+00:00","dateModified":"2023-10-23T12:36:26+00:00","breadcrumb":{"@id":"https:\/\/www.dbi-services.com\/de\/#breadcrumb"},"inLanguage":"de","potentialAction":[{"@type":"ReadAction","target":["https:\/\/www.dbi-services.com\/de\/"]}]},{"@type":"BreadcrumbList","@id":"https:\/\/www.dbi-services.com\/de\/#breadcrumb","itemListElement":[{"@type":"ListItem","position":1,"name":"Home","item":"https:\/\/www.dbi-services.com\/de\/"},{"@type":"ListItem","position":2,"name":"HOME"}]},{"@type":"WebSite","@id":"https:\/\/www.dbi-services.com\/de\/#website","url":"https:\/\/www.dbi-services.com\/de\/","name":"dbi services","description":"","publisher":{"@id":"https:\/\/www.dbi-services.com\/de\/#organization"},"potentialAction":[{"@type":"SearchAction","target":{"@type":"EntryPoint","urlTemplate":"https:\/\/www.dbi-services.com\/de\/?s={search_term_string}"},"query-input":{"@type":"PropertyValueSpecification","valueRequired":true,"valueName":"search_term_string"}}],"inLanguage":"de"},{"@type":"Organization","@id":"https:\/\/www.dbi-services.com\/de\/#organization","name":"dbi services","alternateName":"dbi services","url":"https:\/\/www.dbi-services.com\/de\/","logo":{"@type":"ImageObject","inLanguage":"de","@id":"https:\/\/www.dbi-services.com\/de\/#\/schema\/logo\/image\/","url":"https:\/\/www.dbi-services.com\/wp-content\/uploads\/2023\/06\/dbi-services-by-sequotech-01-1.png","contentUrl":"https:\/\/www.dbi-services.com\/wp-content\/uploads\/2023\/06\/dbi-services-by-sequotech-01-1.png","width":3230,"height":1100,"caption":"dbi services"},"image":{"@id":"https:\/\/www.dbi-services.com\/de\/#\/schema\/logo\/image\/"},"sameAs":["https:\/\/www.facebook.com\/dbiservices\/","https:\/\/x.com\/dbiservices","https:\/\/www.linkedin.com\/company\/dbi-services\/","https:\/\/www.youtube.com\/user\/dbiservices"]}]}},"_links":{"self":[{"href":"https:\/\/www.dbi-services.com\/de\/wp-json\/wp\/v2\/pages\/113","targetHints":{"allow":["GET"]}}],"collection":[{"href":"https:\/\/www.dbi-services.com\/de\/wp-json\/wp\/v2\/pages"}],"about":[{"href":"https:\/\/www.dbi-services.com\/de\/wp-json\/wp\/v2\/types\/page"}],"author":[{"embeddable":true,"href":"https:\/\/www.dbi-services.com\/de\/wp-json\/wp\/v2\/users\/1"}],"replies":[{"embeddable":true,"href":"https:\/\/www.dbi-services.com\/de\/wp-json\/wp\/v2\/comments?post=113"}],"version-history":[{"count":15,"href":"https:\/\/www.dbi-services.com\/de\/wp-json\/wp\/v2\/pages\/113\/revisions"}],"predecessor-version":[{"id":5454,"href":"https:\/\/www.dbi-services.com\/de\/wp-json\/wp\/v2\/pages\/113\/revisions\/5454"}],"wp:attachment":[{"href":"https:\/\/www.dbi-services.com\/de\/wp-json\/wp\/v2\/media?parent=113"}],"wp:term":[{"taxonomy":"location","embeddable":true,"href":"https:\/\/www.dbi-services.com\/de\/wp-json\/wp\/v2\/location?post=113"}],"curies":[{"name":"wp","href":"https:\/\/api.w.org\/{rel}","templated":true}]}}